{"id":2928,"date":"2019-07-04T17:57:29","date_gmt":"2019-07-04T15:57:29","guid":{"rendered":"http:\/\/atas.devsrvr.net\/prodotto\/autorad\/"},"modified":"2022-07-15T10:54:51","modified_gmt":"2022-07-15T08:54:51","slug":"autorad","status":"publish","type":"product","link":"https:\/\/www.atassrl.it\/es\/prodotto\/autorad\/","title":{"rendered":"AUTORAD PURO\/-20\/-40"},"content":{"rendered":"<div class=\"page\" title=\"Page 27\">\n<div class=\"section\">\n<div class=\"layoutArea\">\n<div class=\"column\">\n<p style=\"font-weight: 400;\">Producto a base de monoetilenglicol de indiscutible calidad con inhibidores org\u00e1nicos y de gran consumo, es anticongelante, antievaporante, no produce espuma y previene la formaci\u00f3n de incrustaciones. No contiene aminas y nitritos para un mayor respeto por el medio ambiente y es perfectamente compatible con todos los materiales que componen el circuito frigor\u00edfico. Utilizable en todas las estaciones, est\u00e1 disponible en azul, verde, amarillo, rojo y en varios grados de protecci\u00f3n contra heladas.<\/p>\n<\/div>\n<\/div>\n<\/div>\n<\/div>\n","protected":false},"excerpt":{"rendered":"<div class=\"page\" title=\"Page 27\">\n<div class=\"section\">\n<div class=\"layoutArea\">\n<div class=\"column\">L\u00cdQUIDO PARA CIRCUITOS SELLADOS<\/div>\n<\/div>\n<\/div>\n<\/div>\n","protected":false},"featured_media":8581,"template":"","meta":{"_acf_changed":false,"_seopress_robots_primary_cat":"","_seopress_titles_title":"","_seopress_titles_desc":"","_seopress_robots_index":"","_seopress_analysis_target_kw":""},"product_brand":[],"product_cat":[186,838],"product_tag":[880],"class_list":{"0":"post-2928","1":"product","2":"type-product","3":"status-publish","4":"has-post-thumbnail","6":"product_cat-linea-atascar-es","7":"product_cat-productos-de-invierno","8":"product_tag-productos-tecnicos","10":"first","11":"instock","12":"shipping-taxable","13":"product-type-variable"},"acf":[],"_links":{"self":[{"href":"https:\/\/www.atassrl.it\/es\/wp-json\/wp\/v2\/product\/2928","targetHints":{"allow":["GET"]}}],"collection":[{"href":"https:\/\/www.atassrl.it\/es\/wp-json\/wp\/v2\/product"}],"about":[{"href":"https:\/\/www.atassrl.it\/es\/wp-json\/wp\/v2\/types\/product"}],"wp:featuredmedia":[{"embeddable":true,"href":"https:\/\/www.atassrl.it\/es\/wp-json\/wp\/v2\/media\/8581"}],"wp:attachment":[{"href":"https:\/\/www.atassrl.it\/es\/wp-json\/wp\/v2\/media?parent=2928"}],"wp:term":[{"taxonomy":"product_brand","embeddable":true,"href":"https:\/\/www.atassrl.it\/es\/wp-json\/wp\/v2\/product_brand?post=2928"},{"taxonomy":"product_cat","embeddable":true,"href":"https:\/\/www.atassrl.it\/es\/wp-json\/wp\/v2\/product_cat?post=2928"},{"taxonomy":"product_tag","embeddable":true,"href":"https:\/\/www.atassrl.it\/es\/wp-json\/wp\/v2\/product_tag?post=2928"}],"curies":[{"name":"wp","href":"https:\/\/api.w.org\/{rel}","templated":true}]}}