{"id":2953,"date":"2019-07-04T21:08:21","date_gmt":"2019-07-04T19:08:21","guid":{"rendered":"http:\/\/atas.devsrvr.net\/prodotto\/dinc\/"},"modified":"2022-07-04T17:06:05","modified_gmt":"2022-07-04T15:06:05","slug":"dinc","status":"publish","type":"product","link":"https:\/\/www.atassrl.it\/es\/prodotto\/dinc\/","title":{"rendered":"DINC"},"content":{"rendered":"<div class=\"page\" title=\"Page 29\">\n<div class=\"section\">\n<div class=\"layoutArea\">\n<div class=\"column\">\n<p style=\"font-weight: 400;\">Previene y elimina la formaci\u00f3n de lodos e incrustaciones en el sistema de combustible, aumentando el rendimiento del motor. Optimiza el consumo de combustible al reducir los gases de escape. Al mismo tiempo, limpia, lubrica y protege tanto las v\u00e1lvulas de admisi\u00f3n como la c\u00e1mara de combusti\u00f3n. Tambi\u00e9n es adecuado para mantener limpios los carburadores. No da\u00f1a los silenciadores ya que no contiene sales met\u00e1licas. Repetir el tratamiento cada 1500 km vertiendo el producto en el dep\u00f3sito antes de repostar.<\/p>\n<\/div>\n<\/div>\n<\/div>\n<\/div>\n","protected":false},"excerpt":{"rendered":"<div class=\"page\" title=\"Page 29\">\n<div class=\"section\">\n<div class=\"layoutArea\">\n<div class=\"column\">\n<p style=\"font-weight: 400;\"><strong>MEJORADOR DE RENDIMIENTO PARA MOTORES DE GASOLINA Y LIMPIADOR DE INYECTORES<\/strong><\/p>\n<\/div>\n<\/div>\n<\/div>\n<\/div>\n","protected":false},"featured_media":8555,"template":"","meta":{"_acf_changed":false,"_seopress_robots_primary_cat":"","_seopress_titles_title":"","_seopress_titles_desc":"","_seopress_robots_index":"","_seopress_analysis_target_kw":""},"product_brand":[],"product_cat":[186],"product_tag":[],"class_list":{"0":"post-2953","1":"product","2":"type-product","3":"status-publish","4":"has-post-thumbnail","6":"product_cat-linea-atascar-es","8":"first","9":"instock","10":"shipping-taxable","11":"product-type-simple"},"acf":[],"_links":{"self":[{"href":"https:\/\/www.atassrl.it\/es\/wp-json\/wp\/v2\/product\/2953","targetHints":{"allow":["GET"]}}],"collection":[{"href":"https:\/\/www.atassrl.it\/es\/wp-json\/wp\/v2\/product"}],"about":[{"href":"https:\/\/www.atassrl.it\/es\/wp-json\/wp\/v2\/types\/product"}],"wp:featuredmedia":[{"embeddable":true,"href":"https:\/\/www.atassrl.it\/es\/wp-json\/wp\/v2\/media\/8555"}],"wp:attachment":[{"href":"https:\/\/www.atassrl.it\/es\/wp-json\/wp\/v2\/media?parent=2953"}],"wp:term":[{"taxonomy":"product_brand","embeddable":true,"href":"https:\/\/www.atassrl.it\/es\/wp-json\/wp\/v2\/product_brand?post=2953"},{"taxonomy":"product_cat","embeddable":true,"href":"https:\/\/www.atassrl.it\/es\/wp-json\/wp\/v2\/product_cat?post=2953"},{"taxonomy":"product_tag","embeddable":true,"href":"https:\/\/www.atassrl.it\/es\/wp-json\/wp\/v2\/product_tag?post=2953"}],"curies":[{"name":"wp","href":"https:\/\/api.w.org\/{rel}","templated":true}]}}