{"id":2995,"date":"2019-07-04T21:43:57","date_gmt":"2019-07-04T19:43:57","guid":{"rendered":"http:\/\/atas.devsrvr.net\/prodotto\/derwax\/"},"modified":"2022-07-01T16:32:26","modified_gmt":"2022-07-01T14:32:26","slug":"derwax","status":"publish","type":"product","link":"https:\/\/www.atassrl.it\/es\/prodotto\/derwax\/","title":{"rendered":"DERWAX"},"content":{"rendered":"<div class=\"page\" title=\"Page 32\">\n<div class=\"section\">\n<div class=\"layoutArea\">\n<div class=\"column\">\n<p style=\"font-weight: 400;\">Producto profesional rico en pol\u00edmeros para un acabado ultrabrillante de la pintura y piezas pl\u00e1sticas externas. Tambi\u00e9n asegura una alta y duradera protecci\u00f3n frente a los agentes atmosf\u00e9ricos y un excelente efecto hidrofugante. Agradablemente perfumado, no deja vetas ni residuos. Uso: pulverizar sobre la carrocer\u00eda limpia y seca y despu\u00e9s pulir con un pa\u00f1o de microfibra. Tambi\u00e9n se puede utilizar para facilitar la operaci\u00f3n de secado manual del autom\u00f3vil: pulverizar sobre la pintura h\u00fameda y luego realizar un enjuague final.<\/p>\n<\/div>\n<\/div>\n<\/div>\n<\/div>\n","protected":false},"excerpt":{"rendered":"<div class=\"page\" title=\"Page 32\">\n<div class=\"section\">\n<div class=\"layoutArea\">\n<div class=\"column\">\n<div><b><span lang=\"ES\">ESMALTE L\u00cdQUIDO ILUMINADOR<\/span><\/b><\/div>\n<\/div>\n<\/div>\n<\/div>\n<\/div>\n","protected":false},"featured_media":8048,"template":"","meta":{"_acf_changed":false,"_seopress_robots_primary_cat":"","_seopress_titles_title":"","_seopress_titles_desc":"","_seopress_robots_index":"","_seopress_analysis_target_kw":""},"product_brand":[],"product_cat":[186],"product_tag":[],"class_list":{"0":"post-2995","1":"product","2":"type-product","3":"status-publish","4":"has-post-thumbnail","6":"product_cat-linea-atascar-es","8":"first","9":"instock","10":"shipping-taxable","11":"product-type-simple"},"acf":[],"_links":{"self":[{"href":"https:\/\/www.atassrl.it\/es\/wp-json\/wp\/v2\/product\/2995","targetHints":{"allow":["GET"]}}],"collection":[{"href":"https:\/\/www.atassrl.it\/es\/wp-json\/wp\/v2\/product"}],"about":[{"href":"https:\/\/www.atassrl.it\/es\/wp-json\/wp\/v2\/types\/product"}],"wp:featuredmedia":[{"embeddable":true,"href":"https:\/\/www.atassrl.it\/es\/wp-json\/wp\/v2\/media\/8048"}],"wp:attachment":[{"href":"https:\/\/www.atassrl.it\/es\/wp-json\/wp\/v2\/media?parent=2995"}],"wp:term":[{"taxonomy":"product_brand","embeddable":true,"href":"https:\/\/www.atassrl.it\/es\/wp-json\/wp\/v2\/product_brand?post=2995"},{"taxonomy":"product_cat","embeddable":true,"href":"https:\/\/www.atassrl.it\/es\/wp-json\/wp\/v2\/product_cat?post=2995"},{"taxonomy":"product_tag","embeddable":true,"href":"https:\/\/www.atassrl.it\/es\/wp-json\/wp\/v2\/product_tag?post=2995"}],"curies":[{"name":"wp","href":"https:\/\/api.w.org\/{rel}","templated":true}]}}