{"id":3020,"date":"2019-07-04T22:05:59","date_gmt":"2019-07-04T20:05:59","guid":{"rendered":"http:\/\/atas.devsrvr.net\/prodotto\/penetrus\/"},"modified":"2022-07-04T11:15:43","modified_gmt":"2022-07-04T09:15:43","slug":"penetrus","status":"publish","type":"product","link":"https:\/\/www.atassrl.it\/es\/prodotto\/penetrus\/","title":{"rendered":"PENETRUS"},"content":{"rendered":"<div class=\"page\" title=\"Page 36\">\n<div class=\"section\">\n<div class=\"layoutArea\">\n<div class=\"column\">\n<p style=\"font-weight: 400;\">Desbloquea f\u00e1cilmente tornillos, pernos y piezas mec\u00e1nicas oxidados. Penetra y libera incrustaciones, elimina roces y chirridos de bisagras, cerraduras y cadenas, evitando que se traben incluso en presencia de heladas. Desengrasa y limpia disolviendo las incrustaciones de aceite y grasa. Con acci\u00f3n anticorrosiva y antioxidante incluso en presencia de humedad, agua de mar y sal. Es adecuado para la protecci\u00f3n de bobinas, distribuidores, terminales de bater\u00edas y partes el\u00e9ctricas en general. Hidrofugante, reactiva los contactos el\u00e9ctricos sin alterar su conductividad.<\/p>\n<\/div>\n<\/div>\n<\/div>\n<\/div>\n","protected":false},"excerpt":{"rendered":"<div class=\"page\" title=\"Page 36\">\n<div class=\"section\">\n<div class=\"layoutArea\">\n<div class=\"column\">\n<div><b><span lang=\"ES\">AGENTE DISOLVENTE<\/span><\/b><\/div>\n<\/div>\n<\/div>\n<\/div>\n<\/div>\n","protected":false},"featured_media":8396,"template":"","meta":{"_acf_changed":false,"_seopress_robots_primary_cat":"","_seopress_titles_title":"","_seopress_titles_desc":"","_seopress_robots_index":"","_seopress_analysis_target_kw":""},"product_brand":[],"product_cat":[186],"product_tag":[],"class_list":{"0":"post-3020","1":"product","2":"type-product","3":"status-publish","4":"has-post-thumbnail","6":"product_cat-linea-atascar-es","8":"first","9":"instock","10":"shipping-taxable","11":"product-type-variable"},"acf":[],"_links":{"self":[{"href":"https:\/\/www.atassrl.it\/es\/wp-json\/wp\/v2\/product\/3020","targetHints":{"allow":["GET"]}}],"collection":[{"href":"https:\/\/www.atassrl.it\/es\/wp-json\/wp\/v2\/product"}],"about":[{"href":"https:\/\/www.atassrl.it\/es\/wp-json\/wp\/v2\/types\/product"}],"wp:featuredmedia":[{"embeddable":true,"href":"https:\/\/www.atassrl.it\/es\/wp-json\/wp\/v2\/media\/8396"}],"wp:attachment":[{"href":"https:\/\/www.atassrl.it\/es\/wp-json\/wp\/v2\/media?parent=3020"}],"wp:term":[{"taxonomy":"product_brand","embeddable":true,"href":"https:\/\/www.atassrl.it\/es\/wp-json\/wp\/v2\/product_brand?post=3020"},{"taxonomy":"product_cat","embeddable":true,"href":"https:\/\/www.atassrl.it\/es\/wp-json\/wp\/v2\/product_cat?post=3020"},{"taxonomy":"product_tag","embeddable":true,"href":"https:\/\/www.atassrl.it\/es\/wp-json\/wp\/v2\/product_tag?post=3020"}],"curies":[{"name":"wp","href":"https:\/\/api.w.org\/{rel}","templated":true}]}}