{"id":3028,"date":"2019-07-04T22:13:14","date_gmt":"2019-07-04T20:13:14","guid":{"rendered":"http:\/\/atas.devsrvr.net\/prodotto\/galar\/"},"modified":"2022-07-04T13:45:02","modified_gmt":"2022-07-04T11:45:02","slug":"galar","status":"publish","type":"product","link":"https:\/\/www.atassrl.it\/es\/prodotto\/galar\/","title":{"rendered":"GALAR LITIO"},"content":{"rendered":"<div class=\"page\" title=\"Page 37\">\n<div class=\"section\">\n<div class=\"layoutArea\">\n<div class=\"column\">\n<p style=\"font-weight: 400;\">Protege, adhiere, sella, resiste durante mucho tiempo, incluso si se aplica en piezas especialmente sometidas a esfuerzos. No se agrieta, no es lavable, no se endurece y es un excelente antioxidante. Recomendado para casquillos, roscas, cojinetes, cadenas, m\u00e1quinas, herramientas, veh\u00edculos agr\u00edcolas y de carretera y para cualquier elemento en movimiento o sujeto a desgaste y fricci\u00f3n. Apto tambi\u00e9n para el sector n\u00e1utico ya que forma una capa viscosa que protege las partes tratadas del agua, la sal y los agentes atmosf\u00e9ricos. Mantiene sus caracter\u00edsticas inalteradas en un amplio rango de temperaturas.<\/p>\n<\/div>\n<\/div>\n<\/div>\n<\/div>\n","protected":false},"excerpt":{"rendered":"<div class=\"page\" title=\"Page 37\">\n<div class=\"section\">\n<div class=\"layoutArea\">\n<div class=\"column\">\n<div><span lang=\"ES\">GRASA LUBRICANTE ADHESIVA<\/span><\/div>\n<\/div>\n<\/div>\n<\/div>\n<\/div>\n","protected":false},"featured_media":8442,"template":"","meta":{"_acf_changed":false,"_seopress_robots_primary_cat":"","_seopress_titles_title":"","_seopress_titles_desc":"","_seopress_robots_index":"","_seopress_analysis_target_kw":""},"product_brand":[],"product_cat":[186,209],"product_tag":[],"class_list":{"0":"post-3028","1":"product","2":"type-product","3":"status-publish","4":"has-post-thumbnail","6":"product_cat-linea-atascar-es","7":"product_cat-productos-lubricantes","9":"first","10":"outofstock","11":"shipping-taxable","12":"product-type-simple"},"acf":[],"_links":{"self":[{"href":"https:\/\/www.atassrl.it\/es\/wp-json\/wp\/v2\/product\/3028","targetHints":{"allow":["GET"]}}],"collection":[{"href":"https:\/\/www.atassrl.it\/es\/wp-json\/wp\/v2\/product"}],"about":[{"href":"https:\/\/www.atassrl.it\/es\/wp-json\/wp\/v2\/types\/product"}],"wp:featuredmedia":[{"embeddable":true,"href":"https:\/\/www.atassrl.it\/es\/wp-json\/wp\/v2\/media\/8442"}],"wp:attachment":[{"href":"https:\/\/www.atassrl.it\/es\/wp-json\/wp\/v2\/media?parent=3028"}],"wp:term":[{"taxonomy":"product_brand","embeddable":true,"href":"https:\/\/www.atassrl.it\/es\/wp-json\/wp\/v2\/product_brand?post=3028"},{"taxonomy":"product_cat","embeddable":true,"href":"https:\/\/www.atassrl.it\/es\/wp-json\/wp\/v2\/product_cat?post=3028"},{"taxonomy":"product_tag","embeddable":true,"href":"https:\/\/www.atassrl.it\/es\/wp-json\/wp\/v2\/product_tag?post=3028"}],"curies":[{"name":"wp","href":"https:\/\/api.w.org\/{rel}","templated":true}]}}