{"id":3040,"date":"2019-07-08T15:31:15","date_gmt":"2019-07-08T13:31:15","guid":{"rendered":"http:\/\/atas.devsrvr.net\/prodotto\/kr100\/"},"modified":"2022-07-04T11:21:46","modified_gmt":"2022-07-04T09:21:46","slug":"kr100","status":"publish","type":"product","link":"https:\/\/www.atassrl.it\/es\/prodotto\/kr100\/","title":{"rendered":"KR100"},"content":{"rendered":"<div class=\"page\" title=\"Page 38\">\n<div class=\"section\">\n<div class=\"layoutArea\">\n<div class=\"column\">\n<p style=\"font-weight: 400;\">Nuevo producto multifuncional dirigido tanto al sector profesional e industrial como al hogar\/bricolaje. Limpia eliminando aceites y grasas, abrillanta, renueva y revitaliza las superficies. Lubrica, desenrosca y desbloquea engranajes, tornillos y pernos oxidados. Penetra profundamente en los mecanismos incrustados eliminando roces y chirridos. Anticorrosivo, antioxidante, evita la acci\u00f3n agresiva de la herrumbre, agentes atmosf\u00e9ricos, agua de mar y sal, \u00e1cidos y \u00e1lcalis. Hidrofugante protector, elimina la humedad y reactiva los contactos el\u00e9ctricos.<\/p>\n<\/div>\n<\/div>\n<\/div>\n<\/div>\n","protected":false},"excerpt":{"rendered":"<div class=\"page\" title=\"Page 38\">\n<div class=\"section\">\n<div class=\"layoutArea\">\n<div class=\"column\">\n<div><b><span lang=\"ES\">MULTIUSOS<\/span><\/b><\/div>\n<\/div>\n<\/div>\n<\/div>\n<\/div>\n","protected":false},"featured_media":8406,"template":"","meta":{"_acf_changed":false,"_seopress_robots_primary_cat":"","_seopress_titles_title":"","_seopress_titles_desc":"","_seopress_robots_index":"","_seopress_analysis_target_kw":""},"product_brand":[],"product_cat":[186],"product_tag":[],"class_list":{"0":"post-3040","1":"product","2":"type-product","3":"status-publish","4":"has-post-thumbnail","6":"product_cat-linea-atascar-es","8":"first","9":"instock","10":"shipping-taxable","11":"product-type-variable"},"acf":[],"_links":{"self":[{"href":"https:\/\/www.atassrl.it\/es\/wp-json\/wp\/v2\/product\/3040","targetHints":{"allow":["GET"]}}],"collection":[{"href":"https:\/\/www.atassrl.it\/es\/wp-json\/wp\/v2\/product"}],"about":[{"href":"https:\/\/www.atassrl.it\/es\/wp-json\/wp\/v2\/types\/product"}],"wp:featuredmedia":[{"embeddable":true,"href":"https:\/\/www.atassrl.it\/es\/wp-json\/wp\/v2\/media\/8406"}],"wp:attachment":[{"href":"https:\/\/www.atassrl.it\/es\/wp-json\/wp\/v2\/media?parent=3040"}],"wp:term":[{"taxonomy":"product_brand","embeddable":true,"href":"https:\/\/www.atassrl.it\/es\/wp-json\/wp\/v2\/product_brand?post=3040"},{"taxonomy":"product_cat","embeddable":true,"href":"https:\/\/www.atassrl.it\/es\/wp-json\/wp\/v2\/product_cat?post=3040"},{"taxonomy":"product_tag","embeddable":true,"href":"https:\/\/www.atassrl.it\/es\/wp-json\/wp\/v2\/product_tag?post=3040"}],"curies":[{"name":"wp","href":"https:\/\/api.w.org\/{rel}","templated":true}]}}