{"id":3043,"date":"2019-07-08T15:40:56","date_gmt":"2019-07-08T13:40:56","guid":{"rendered":"http:\/\/atas.devsrvr.net\/prodotto\/siling\/"},"modified":"2022-07-15T10:52:31","modified_gmt":"2022-07-15T08:52:31","slug":"siling","status":"publish","type":"product","link":"https:\/\/www.atassrl.it\/es\/prodotto\/siling\/","title":{"rendered":"SILING"},"content":{"rendered":"<div class=\"page\" title=\"Page 38\">\n<div class=\"section\">\n<div class=\"layoutArea\">\n<div class=\"column\">\n<p style=\"font-weight: 400;\">Nueva formulaci\u00f3n con alto contenido en siliconas especiales que, sin engrasar, lubrica, eliminando roces y chirridos. Protege al inhibir la formaci\u00f3n de oxidaciones, restaura la conductividad el\u00e9ctrica al repeler la humedad e incluso una peque\u00f1a presencia acuosa. Pule, nutre y revive piezas de goma y pl\u00e1stico. Con acci\u00f3n antiest\u00e1tica e impermeabilizante.<\/p>\n<\/div>\n<\/div>\n<\/div>\n<\/div>\n","protected":false},"excerpt":{"rendered":"<div class=\"page\" title=\"Page 38\">\n<div class=\"section\">\n<div class=\"layoutArea\">\n<div class=\"column\">LUBRICANTE DE SILICONA<\/div>\n<\/div>\n<\/div>\n<\/div>\n","protected":false},"featured_media":8401,"template":"","meta":{"_acf_changed":false,"_seopress_robots_primary_cat":"","_seopress_titles_title":"","_seopress_titles_desc":"","_seopress_robots_index":"","_seopress_analysis_target_kw":""},"product_brand":[],"product_cat":[186,209],"product_tag":[],"class_list":{"0":"post-3043","1":"product","2":"type-product","3":"status-publish","4":"has-post-thumbnail","6":"product_cat-linea-atascar-es","7":"product_cat-productos-lubricantes","9":"first","10":"instock","11":"shipping-taxable","12":"product-type-simple"},"acf":[],"_links":{"self":[{"href":"https:\/\/www.atassrl.it\/es\/wp-json\/wp\/v2\/product\/3043","targetHints":{"allow":["GET"]}}],"collection":[{"href":"https:\/\/www.atassrl.it\/es\/wp-json\/wp\/v2\/product"}],"about":[{"href":"https:\/\/www.atassrl.it\/es\/wp-json\/wp\/v2\/types\/product"}],"wp:featuredmedia":[{"embeddable":true,"href":"https:\/\/www.atassrl.it\/es\/wp-json\/wp\/v2\/media\/8401"}],"wp:attachment":[{"href":"https:\/\/www.atassrl.it\/es\/wp-json\/wp\/v2\/media?parent=3043"}],"wp:term":[{"taxonomy":"product_brand","embeddable":true,"href":"https:\/\/www.atassrl.it\/es\/wp-json\/wp\/v2\/product_brand?post=3043"},{"taxonomy":"product_cat","embeddable":true,"href":"https:\/\/www.atassrl.it\/es\/wp-json\/wp\/v2\/product_cat?post=3043"},{"taxonomy":"product_tag","embeddable":true,"href":"https:\/\/www.atassrl.it\/es\/wp-json\/wp\/v2\/product_tag?post=3043"}],"curies":[{"name":"wp","href":"https:\/\/api.w.org\/{rel}","templated":true}]}}