{"id":3062,"date":"2019-07-08T15:54:14","date_gmt":"2019-07-08T13:54:14","guid":{"rendered":"http:\/\/atas.devsrvr.net\/prodotto\/pulibike\/"},"modified":"2022-07-04T10:57:08","modified_gmt":"2022-07-04T08:57:08","slug":"pulibike","status":"publish","type":"product","link":"https:\/\/www.atassrl.it\/es\/prodotto\/pulibike\/","title":{"rendered":"PULIBIKE"},"content":{"rendered":"<div class=\"page\" title=\"Page 40\">\n<div class=\"section\">\n<div class=\"layoutArea\">\n<div class=\"column\">\n<p style=\"font-weight: 400;\">Detergente espumante d\u00e9bilmente alcalino espec\u00edfico para eliminar de forma segura lodos y grasas incluso incrustadas de cadenas, bujes, relaciones, bastidores, bloques de motor y partes mec\u00e1nicas en general de bicicletas, scooters y motocicletas. Convenientemente diluido, tambi\u00e9n se puede utilizar para limpiar carenados. Disponible tanto en la versi\u00f3n concentrada, diluible en agua hasta un 20%, como en la versi\u00f3n lista para usar con gatillo.<\/p>\n<\/div>\n<\/div>\n<\/div>\n<\/div>\n","protected":false},"excerpt":{"rendered":"<div class=\"page\" title=\"Page 40\">\n<div class=\"section\">\n<div class=\"layoutArea\">\n<div class=\"column\">\n<div><b><span lang=\"ES\">DESENGRASANTE PARA BICICLETAS Y MOTOS<\/span><\/b><\/div>\n<\/div>\n<\/div>\n<\/div>\n<\/div>\n","protected":false},"featured_media":8312,"template":"","meta":{"_acf_changed":false,"_seopress_robots_primary_cat":"","_seopress_titles_title":"","_seopress_titles_desc":"","_seopress_robots_index":"","_seopress_analysis_target_kw":""},"product_brand":[],"product_cat":[186,219],"product_tag":[],"class_list":{"0":"post-3062","1":"product","2":"type-product","3":"status-publish","4":"has-post-thumbnail","6":"product_cat-linea-atascar-es","7":"product_cat-motocicletas-y-bicicletas","9":"first","10":"instock","11":"shipping-taxable","12":"product-type-variable"},"acf":[],"_links":{"self":[{"href":"https:\/\/www.atassrl.it\/es\/wp-json\/wp\/v2\/product\/3062","targetHints":{"allow":["GET"]}}],"collection":[{"href":"https:\/\/www.atassrl.it\/es\/wp-json\/wp\/v2\/product"}],"about":[{"href":"https:\/\/www.atassrl.it\/es\/wp-json\/wp\/v2\/types\/product"}],"wp:featuredmedia":[{"embeddable":true,"href":"https:\/\/www.atassrl.it\/es\/wp-json\/wp\/v2\/media\/8312"}],"wp:attachment":[{"href":"https:\/\/www.atassrl.it\/es\/wp-json\/wp\/v2\/media?parent=3062"}],"wp:term":[{"taxonomy":"product_brand","embeddable":true,"href":"https:\/\/www.atassrl.it\/es\/wp-json\/wp\/v2\/product_brand?post=3062"},{"taxonomy":"product_cat","embeddable":true,"href":"https:\/\/www.atassrl.it\/es\/wp-json\/wp\/v2\/product_cat?post=3062"},{"taxonomy":"product_tag","embeddable":true,"href":"https:\/\/www.atassrl.it\/es\/wp-json\/wp\/v2\/product_tag?post=3062"}],"curies":[{"name":"wp","href":"https:\/\/api.w.org\/{rel}","templated":true}]}}