{"id":3082,"date":"2019-07-08T16:01:23","date_gmt":"2019-07-08T14:01:23","guid":{"rendered":"http:\/\/atas.devsrvr.net\/prodotto\/blokar-special\/"},"modified":"2022-07-04T10:03:37","modified_gmt":"2022-07-04T08:03:37","slug":"blokar-special","status":"publish","type":"product","link":"https:\/\/www.atassrl.it\/es\/prodotto\/blokar-special\/","title":{"rendered":"BLOKAR SPECIAL"},"content":{"rendered":"<div class=\"page\" title=\"Page 41\">\n<div class=\"layoutArea\">\n<div class=\"column\">\n<p>Espec\u00edfico para turismos de gran cilindrada y en todos los casos en los que el sistema de frenado est\u00e9 sometido a grandes cargas de trabajo. No altera piezas de caucho o metal. Estable tanto a altas como a bajas temperaturas. Adecuado para sistemas de disco, tambor y ABS. Punto de ebullici\u00f3n 265 \u00b0C, despu\u00e9s de humidificaci\u00f3n 165 \u00b0C. Punto de congelaci\u00f3n -50 \u00b0C. La versi\u00f3n \u201cBlokar Max\u201d est\u00e1 disponible con punto de ebullici\u00f3n, despu\u00e9s de humidificaci\u00f3n, 188 \u00b0C.<\/p>\n<\/div>\n<\/div>\n<\/div>\n","protected":false},"excerpt":{"rendered":"<div class=\"page\" title=\"Page 41\">\n<div class=\"layoutArea\">\n<div class=\"column\">\n<p>LI\u0301QUIDO PARA FRENOS DOT 4<\/p>\n<\/div>\n<\/div>\n<\/div>\n","protected":false},"featured_media":8233,"template":"","meta":{"_acf_changed":false,"_seopress_robots_primary_cat":"","_seopress_titles_title":"","_seopress_titles_desc":"","_seopress_robots_index":"","_seopress_analysis_target_kw":""},"product_brand":[],"product_cat":[186],"product_tag":[],"class_list":{"0":"post-3082","1":"product","2":"type-product","3":"status-publish","4":"has-post-thumbnail","6":"product_cat-linea-atascar-es","8":"first","9":"instock","10":"shipping-taxable","11":"product-type-variable"},"acf":[],"_links":{"self":[{"href":"https:\/\/www.atassrl.it\/es\/wp-json\/wp\/v2\/product\/3082","targetHints":{"allow":["GET"]}}],"collection":[{"href":"https:\/\/www.atassrl.it\/es\/wp-json\/wp\/v2\/product"}],"about":[{"href":"https:\/\/www.atassrl.it\/es\/wp-json\/wp\/v2\/types\/product"}],"wp:featuredmedia":[{"embeddable":true,"href":"https:\/\/www.atassrl.it\/es\/wp-json\/wp\/v2\/media\/8233"}],"wp:attachment":[{"href":"https:\/\/www.atassrl.it\/es\/wp-json\/wp\/v2\/media?parent=3082"}],"wp:term":[{"taxonomy":"product_brand","embeddable":true,"href":"https:\/\/www.atassrl.it\/es\/wp-json\/wp\/v2\/product_brand?post=3082"},{"taxonomy":"product_cat","embeddable":true,"href":"https:\/\/www.atassrl.it\/es\/wp-json\/wp\/v2\/product_cat?post=3082"},{"taxonomy":"product_tag","embeddable":true,"href":"https:\/\/www.atassrl.it\/es\/wp-json\/wp\/v2\/product_tag?post=3082"}],"curies":[{"name":"wp","href":"https:\/\/api.w.org\/{rel}","templated":true}]}}