{"id":3109,"date":"2019-07-08T16:23:47","date_gmt":"2019-07-08T14:23:47","guid":{"rendered":"http:\/\/atas.devsrvr.net\/prodotto\/nil\/"},"modified":"2022-07-06T17:54:30","modified_gmt":"2022-07-06T15:54:30","slug":"nil","status":"publish","type":"product","link":"https:\/\/www.atassrl.it\/es\/prodotto\/nil\/","title":{"rendered":"NIL"},"content":{"rendered":"<div class=\"page\" title=\"Page 44\">\n<div class=\"layoutArea\">\n<div class=\"column\">\n<p style=\"font-weight: 400;\">Agradablemente perfumado, gracias a su alta viscosidad elimina f\u00e1cilmente la suciedad dejando la piel suave gracias a las prote\u00ednas vegetales que contiene. Libre de f\u00f3sforo y abrasivos, est\u00e1 formulado con Ph epid\u00e9rmico. La versi\u00f3n \u00abFE\u00bb es apta para restaurantes, hoteles, bares y uso dom\u00e9stico, etc. (f\u00f3rmulas depositadas en el Ministerio de Salud P\u00fablica).<\/p>\n<\/div>\n<\/div>\n<\/div>\n","protected":false},"excerpt":{"rendered":"<div class=\"page\" title=\"Page 44\">\n<div class=\"layoutArea\">\n<div class=\"column\">\n<div><span lang=\"ES\">LAVADO DE MANOS L\u00cdQUIDO<\/span><\/div>\n<\/div>\n<\/div>\n<\/div>\n","protected":false},"featured_media":8944,"template":"","meta":{"_acf_changed":false,"_seopress_robots_primary_cat":"","_seopress_titles_title":"","_seopress_titles_desc":"","_seopress_robots_index":"","_seopress_analysis_target_kw":""},"product_brand":[],"product_cat":[186,205],"product_tag":[],"class_list":{"0":"post-3109","1":"product","2":"type-product","3":"status-publish","4":"has-post-thumbnail","6":"product_cat-linea-atascar-es","7":"product_cat-productos-limpiadores-para-manos","9":"first","10":"instock","11":"shipping-taxable","12":"product-type-simple"},"acf":[],"_links":{"self":[{"href":"https:\/\/www.atassrl.it\/es\/wp-json\/wp\/v2\/product\/3109","targetHints":{"allow":["GET"]}}],"collection":[{"href":"https:\/\/www.atassrl.it\/es\/wp-json\/wp\/v2\/product"}],"about":[{"href":"https:\/\/www.atassrl.it\/es\/wp-json\/wp\/v2\/types\/product"}],"wp:featuredmedia":[{"embeddable":true,"href":"https:\/\/www.atassrl.it\/es\/wp-json\/wp\/v2\/media\/8944"}],"wp:attachment":[{"href":"https:\/\/www.atassrl.it\/es\/wp-json\/wp\/v2\/media?parent=3109"}],"wp:term":[{"taxonomy":"product_brand","embeddable":true,"href":"https:\/\/www.atassrl.it\/es\/wp-json\/wp\/v2\/product_brand?post=3109"},{"taxonomy":"product_cat","embeddable":true,"href":"https:\/\/www.atassrl.it\/es\/wp-json\/wp\/v2\/product_cat?post=3109"},{"taxonomy":"product_tag","embeddable":true,"href":"https:\/\/www.atassrl.it\/es\/wp-json\/wp\/v2\/product_tag?post=3109"}],"curies":[{"name":"wp","href":"https:\/\/api.w.org\/{rel}","templated":true}]}}