{"id":3124,"date":"2019-07-08T16:32:42","date_gmt":"2019-07-08T14:32:42","guid":{"rendered":"http:\/\/atas.devsrvr.net\/prodotto\/drygen\/"},"modified":"2022-07-06T16:41:33","modified_gmt":"2022-07-06T14:41:33","slug":"drygen","status":"publish","type":"product","link":"https:\/\/www.atassrl.it\/es\/prodotto\/drygen\/","title":{"rendered":"DRYGEN"},"content":{"rendered":"<div class=\"page\" title=\"Page 45\">\n<div class=\"layoutArea\">\n<div class=\"column\">\n<p style=\"font-weight: 400;\">Imprescindible para los viajeros, limpia e higieniza r\u00e1pida y eficazmente sin agua. Se seca r\u00e1pidamente sin dejar residuos, dejando la piel suave y delicadamente perfumada. (F\u00f3rmula presentada ante el Ministerio de Salud P\u00fablica).<\/p>\n<\/div>\n<\/div>\n<\/div>\n","protected":false},"excerpt":{"rendered":"<div class=\"page\" title=\"Page 45\">\n<div class=\"layoutArea\">\n<div class=\"column\">\n<div><span lang=\"ES\">GEL HIGIENIZANTE PARA MANOS<\/span><\/div>\n<\/div>\n<\/div>\n<\/div>\n","protected":false},"featured_media":8882,"template":"","meta":{"_acf_changed":false,"_seopress_robots_primary_cat":"","_seopress_titles_title":"","_seopress_titles_desc":"","_seopress_robots_index":"","_seopress_analysis_target_kw":""},"product_brand":[],"product_cat":[186,255],"product_tag":[],"class_list":{"0":"post-3124","1":"product","2":"type-product","3":"status-publish","4":"has-post-thumbnail","6":"product_cat-linea-atascar-es","7":"product_cat-productos-limpiadores-para-manos-es","9":"first","10":"instock","11":"shipping-taxable","12":"product-type-variable"},"acf":[],"_links":{"self":[{"href":"https:\/\/www.atassrl.it\/es\/wp-json\/wp\/v2\/product\/3124","targetHints":{"allow":["GET"]}}],"collection":[{"href":"https:\/\/www.atassrl.it\/es\/wp-json\/wp\/v2\/product"}],"about":[{"href":"https:\/\/www.atassrl.it\/es\/wp-json\/wp\/v2\/types\/product"}],"wp:featuredmedia":[{"embeddable":true,"href":"https:\/\/www.atassrl.it\/es\/wp-json\/wp\/v2\/media\/8882"}],"wp:attachment":[{"href":"https:\/\/www.atassrl.it\/es\/wp-json\/wp\/v2\/media?parent=3124"}],"wp:term":[{"taxonomy":"product_brand","embeddable":true,"href":"https:\/\/www.atassrl.it\/es\/wp-json\/wp\/v2\/product_brand?post=3124"},{"taxonomy":"product_cat","embeddable":true,"href":"https:\/\/www.atassrl.it\/es\/wp-json\/wp\/v2\/product_cat?post=3124"},{"taxonomy":"product_tag","embeddable":true,"href":"https:\/\/www.atassrl.it\/es\/wp-json\/wp\/v2\/product_tag?post=3124"}],"curies":[{"name":"wp","href":"https:\/\/api.w.org\/{rel}","templated":true}]}}