{"id":3148,"date":"2019-07-08T16:47:43","date_gmt":"2019-07-08T14:47:43","guid":{"rendered":"http:\/\/atas.devsrvr.net\/prodotto\/rial-2000\/"},"modified":"2022-07-06T18:09:43","modified_gmt":"2022-07-06T16:09:43","slug":"rial-2000","status":"publish","type":"product","link":"https:\/\/www.atassrl.it\/es\/prodotto\/rial-2000\/","title":{"rendered":"RIAL 2000"},"content":{"rendered":"<div class=\"page\" title=\"Page 46\">\n<div class=\"layoutArea\">\n<div class=\"column\">\n<p style=\"font-weight: 400;\">El \u00fanico limpiador monocapa que iguala las prestaciones de los bicomponentes. Con alt\u00edsimo poder de limpieza, elimina cualquier tipo de suciedad sin necesidad de cepillar. F\u00e1cilmente aclarable con acci\u00f3n antiest\u00e1tica, no altera las partes tratadas. Indicado para veh\u00edculos pesados, lonas, contenedores de autom\u00f3viles y para el desengrasado de piezas mec\u00e1nicas en general. Garantiza excelentes resultados incluso en presencia de agua rica en sales o reciclada. En presencia de altas temperaturas y perfiles, opere en superficies enfriadas. Diluci\u00f3n: 1:80 &#8211; 100 para prelavados; 1:40 &#8211; 60 para detergencia normal; 1: 8 &#8211; 12 para llantas y motores.<\/p>\n<\/div>\n<\/div>\n<\/div>\n","protected":false},"excerpt":{"rendered":"<div class=\"page\" title=\"Page 46\">\n<div class=\"layoutArea\">\n<div class=\"column\">\n<div><span lang=\"ES\">SUPER DETERGENTE EXTERIOR MONOF\u00c1SICO<\/span><\/div>\n<\/div>\n<\/div>\n<\/div>\n","protected":false},"featured_media":8974,"template":"","meta":{"_acf_changed":false,"_seopress_robots_primary_cat":"","_seopress_titles_title":"","_seopress_titles_desc":"","_seopress_robots_index":"","_seopress_analysis_target_kw":""},"product_brand":[],"product_cat":[186],"product_tag":[],"class_list":{"0":"post-3148","1":"product","2":"type-product","3":"status-publish","4":"has-post-thumbnail","6":"product_cat-linea-atascar-es","8":"first","9":"instock","10":"shipping-taxable","11":"product-type-simple"},"acf":[],"_links":{"self":[{"href":"https:\/\/www.atassrl.it\/es\/wp-json\/wp\/v2\/product\/3148","targetHints":{"allow":["GET"]}}],"collection":[{"href":"https:\/\/www.atassrl.it\/es\/wp-json\/wp\/v2\/product"}],"about":[{"href":"https:\/\/www.atassrl.it\/es\/wp-json\/wp\/v2\/types\/product"}],"wp:featuredmedia":[{"embeddable":true,"href":"https:\/\/www.atassrl.it\/es\/wp-json\/wp\/v2\/media\/8974"}],"wp:attachment":[{"href":"https:\/\/www.atassrl.it\/es\/wp-json\/wp\/v2\/media?parent=3148"}],"wp:term":[{"taxonomy":"product_brand","embeddable":true,"href":"https:\/\/www.atassrl.it\/es\/wp-json\/wp\/v2\/product_brand?post=3148"},{"taxonomy":"product_cat","embeddable":true,"href":"https:\/\/www.atassrl.it\/es\/wp-json\/wp\/v2\/product_cat?post=3148"},{"taxonomy":"product_tag","embeddable":true,"href":"https:\/\/www.atassrl.it\/es\/wp-json\/wp\/v2\/product_tag?post=3148"}],"curies":[{"name":"wp","href":"https:\/\/api.w.org\/{rel}","templated":true}]}}