{"id":3151,"date":"2019-07-08T16:50:51","date_gmt":"2019-07-08T14:50:51","guid":{"rendered":"http:\/\/atas.devsrvr.net\/prodotto\/vinet-2\/"},"modified":"2022-07-06T18:11:17","modified_gmt":"2022-07-06T16:11:17","slug":"vinet-2","status":"publish","type":"product","link":"https:\/\/www.atassrl.it\/es\/prodotto\/vinet-2\/","title":{"rendered":"VINET"},"content":{"rendered":"<div class=\"page\" title=\"Page 46\">\n<div class=\"layoutArea\">\n<div class=\"column\">\n<p style=\"font-weight: 400;\">Producto d\u00e9bilmente espumoso adecuado para limpiar y desinfectar superficies duras como los interiores de autom\u00f3viles de pl\u00e1stico o madera\u00a0pintados, laminados, lacados, metales, pl\u00e1sticos, suelos de talleres, m\u00e1quinas herramienta, filtros, campanas, etc. Tambi\u00e9n se puede utilizar para desengrasar motores y piezas mec\u00e1nicas en general de forma externa. Muy concentrado.<\/p>\n<\/div>\n<\/div>\n<\/div>\n","protected":false},"excerpt":{"rendered":"<div class=\"page\" title=\"Page 46\">\n<div class=\"layoutArea\">\n<div class=\"column\">\n<div><span lang=\"ES\">DETERGENTE L\u00cdQUIDO MULTIUSOS<\/span><\/div>\n<\/div>\n<\/div>\n<\/div>\n","protected":false},"featured_media":2643,"template":"","meta":{"_acf_changed":false,"_seopress_robots_primary_cat":"","_seopress_titles_title":"","_seopress_titles_desc":"","_seopress_robots_index":"","_seopress_analysis_target_kw":""},"product_brand":[],"product_cat":[186],"product_tag":[],"class_list":{"0":"post-3151","1":"product","2":"type-product","3":"status-publish","4":"has-post-thumbnail","6":"product_cat-linea-atascar-es","8":"first","9":"instock","10":"shipping-taxable","11":"product-type-simple"},"acf":[],"_links":{"self":[{"href":"https:\/\/www.atassrl.it\/es\/wp-json\/wp\/v2\/product\/3151","targetHints":{"allow":["GET"]}}],"collection":[{"href":"https:\/\/www.atassrl.it\/es\/wp-json\/wp\/v2\/product"}],"about":[{"href":"https:\/\/www.atassrl.it\/es\/wp-json\/wp\/v2\/types\/product"}],"wp:featuredmedia":[{"embeddable":true,"href":"https:\/\/www.atassrl.it\/es\/wp-json\/wp\/v2\/media\/2643"}],"wp:attachment":[{"href":"https:\/\/www.atassrl.it\/es\/wp-json\/wp\/v2\/media?parent=3151"}],"wp:term":[{"taxonomy":"product_brand","embeddable":true,"href":"https:\/\/www.atassrl.it\/es\/wp-json\/wp\/v2\/product_brand?post=3151"},{"taxonomy":"product_cat","embeddable":true,"href":"https:\/\/www.atassrl.it\/es\/wp-json\/wp\/v2\/product_cat?post=3151"},{"taxonomy":"product_tag","embeddable":true,"href":"https:\/\/www.atassrl.it\/es\/wp-json\/wp\/v2\/product_tag?post=3151"}],"curies":[{"name":"wp","href":"https:\/\/api.w.org\/{rel}","templated":true}]}}