{"id":3154,"date":"2019-07-08T16:56:28","date_gmt":"2019-07-08T14:56:28","guid":{"rendered":"http:\/\/atas.devsrvr.net\/prodotto\/proteo\/"},"modified":"2022-07-06T18:12:14","modified_gmt":"2022-07-06T16:12:14","slug":"proteo","status":"publish","type":"product","link":"https:\/\/www.atassrl.it\/es\/prodotto\/proteo\/","title":{"rendered":"PROTEO"},"content":{"rendered":"<div class=\"page\" title=\"Page 47\">\n<div class=\"layoutArea\">\n<div class=\"column\">\n<p style=\"font-weight: 400;\">Detergente de baja alcalinidad para una limpieza perfecta y segura de coches, furgonetas, caravanas, campers. Eficaz sobre la suciedad grasosa, el smog, la tierra y los residuos de aceite, no da\u00f1a pinturas, molduras y perfiles de diversa \u00edndole. F\u00e1cil de enjuagar, es seguro incluso a altas temperaturas. Se puede utilizar en sistemas de lavado con cepillo y para lavado manual con esponja o cepillo. Tambi\u00e9n es adecuado para motocicletas y scooters.<\/p>\n<\/div>\n<\/div>\n<\/div>\n","protected":false},"excerpt":{"rendered":"<div class=\"page\" title=\"Page 47\">\n<div class=\"layoutArea\">\n<div class=\"column\">\n<div><span lang=\"ES\">PRELAVADO DE BAJA ALCALINIDAD<\/span><\/div>\n<\/div>\n<\/div>\n<\/div>\n","protected":false},"featured_media":8964,"template":"","meta":{"_acf_changed":false,"_seopress_robots_primary_cat":"","_seopress_titles_title":"","_seopress_titles_desc":"","_seopress_robots_index":"","_seopress_analysis_target_kw":""},"product_brand":[],"product_cat":[186],"product_tag":[],"class_list":{"0":"post-3154","1":"product","2":"type-product","3":"status-publish","4":"has-post-thumbnail","6":"product_cat-linea-atascar-es","8":"first","9":"instock","10":"shipping-taxable","11":"product-type-simple"},"acf":[],"_links":{"self":[{"href":"https:\/\/www.atassrl.it\/es\/wp-json\/wp\/v2\/product\/3154","targetHints":{"allow":["GET"]}}],"collection":[{"href":"https:\/\/www.atassrl.it\/es\/wp-json\/wp\/v2\/product"}],"about":[{"href":"https:\/\/www.atassrl.it\/es\/wp-json\/wp\/v2\/types\/product"}],"wp:featuredmedia":[{"embeddable":true,"href":"https:\/\/www.atassrl.it\/es\/wp-json\/wp\/v2\/media\/8964"}],"wp:attachment":[{"href":"https:\/\/www.atassrl.it\/es\/wp-json\/wp\/v2\/media?parent=3154"}],"wp:term":[{"taxonomy":"product_brand","embeddable":true,"href":"https:\/\/www.atassrl.it\/es\/wp-json\/wp\/v2\/product_brand?post=3154"},{"taxonomy":"product_cat","embeddable":true,"href":"https:\/\/www.atassrl.it\/es\/wp-json\/wp\/v2\/product_cat?post=3154"},{"taxonomy":"product_tag","embeddable":true,"href":"https:\/\/www.atassrl.it\/es\/wp-json\/wp\/v2\/product_tag?post=3154"}],"curies":[{"name":"wp","href":"https:\/\/api.w.org\/{rel}","templated":true}]}}