{"id":3157,"date":"2019-07-08T16:59:04","date_gmt":"2019-07-08T14:59:04","guid":{"rendered":"http:\/\/atas.devsrvr.net\/prodotto\/deco\/"},"modified":"2022-07-06T18:08:53","modified_gmt":"2022-07-06T16:08:53","slug":"deco","status":"publish","type":"product","link":"https:\/\/www.atassrl.it\/es\/prodotto\/deco\/","title":{"rendered":"DECO"},"content":{"rendered":"<div class=\"page\" title=\"Page 47\">\n<div class=\"layoutArea\">\n<div class=\"column\">\n<p style=\"font-weight: 400;\">Uno de nuestros best-sellers. Elimina completamente la suciedad grasosa y el smog. Apto tambi\u00e9n para aguas duras, contiene sustancias con acci\u00f3n antiest\u00e1tica y abrillantadora. V\u00e1lido tambi\u00e9n en autoservicio, t\u00faneles, portales, para limpieza de coches, camiones, ruedas y motores. En presencia de perfiles y altas temperaturas, operar en superficies enfriadas. No lo use en bicicletas y motocicletas. Uso: diluir con agua en la medida 1: 50-60 para prelavado; 1: 30-40 para detergencia normal; 1: 6-10 para llantas y motores.<\/p>\n<\/div>\n<\/div>\n<\/div>\n","protected":false},"excerpt":{"rendered":"<div class=\"page\" title=\"Page 47\">\n<div class=\"layoutArea\">\n<div class=\"column\">\n<div><span lang=\"ES\">DETERGENTE PARA LAVADO DE COCHES<\/span><\/div>\n<\/div>\n<\/div>\n<\/div>\n","protected":false},"featured_media":8979,"template":"","meta":{"_acf_changed":false,"_seopress_robots_primary_cat":"","_seopress_titles_title":"","_seopress_titles_desc":"","_seopress_robots_index":"","_seopress_analysis_target_kw":""},"product_brand":[],"product_cat":[782,186],"product_tag":[896],"class_list":{"0":"post-3157","1":"product","2":"type-product","3":"status-publish","4":"has-post-thumbnail","6":"product_cat-limpiadores-exteriores","7":"product_cat-linea-atascar-es","8":"product_tag-lavado","10":"first","11":"instock","12":"shipping-taxable","13":"product-type-simple"},"acf":[],"_links":{"self":[{"href":"https:\/\/www.atassrl.it\/es\/wp-json\/wp\/v2\/product\/3157","targetHints":{"allow":["GET"]}}],"collection":[{"href":"https:\/\/www.atassrl.it\/es\/wp-json\/wp\/v2\/product"}],"about":[{"href":"https:\/\/www.atassrl.it\/es\/wp-json\/wp\/v2\/types\/product"}],"wp:featuredmedia":[{"embeddable":true,"href":"https:\/\/www.atassrl.it\/es\/wp-json\/wp\/v2\/media\/8979"}],"wp:attachment":[{"href":"https:\/\/www.atassrl.it\/es\/wp-json\/wp\/v2\/media?parent=3157"}],"wp:term":[{"taxonomy":"product_brand","embeddable":true,"href":"https:\/\/www.atassrl.it\/es\/wp-json\/wp\/v2\/product_brand?post=3157"},{"taxonomy":"product_cat","embeddable":true,"href":"https:\/\/www.atassrl.it\/es\/wp-json\/wp\/v2\/product_cat?post=3157"},{"taxonomy":"product_tag","embeddable":true,"href":"https:\/\/www.atassrl.it\/es\/wp-json\/wp\/v2\/product_tag?post=3157"}],"curies":[{"name":"wp","href":"https:\/\/api.w.org\/{rel}","templated":true}]}}