{"id":3352,"date":"2019-07-08T17:26:06","date_gmt":"2019-07-08T15:26:06","guid":{"rendered":"http:\/\/atas.devsrvr.net\/prodotto\/proteo-2\/"},"modified":"2022-07-22T14:36:00","modified_gmt":"2022-07-22T12:36:00","slug":"proteo-2","status":"publish","type":"product","link":"https:\/\/www.atassrl.it\/es\/prodotto\/proteo-2\/","title":{"rendered":"PROTEO"},"content":{"rendered":"<div class=\"page\" title=\"Page 7\">\n<div class=\"section\">\n<div class=\"layoutArea\">\n<div class=\"column\">\n<p style=\"font-weight: 400;\">Producto de nueva generaci\u00f3n de espuma media para la limpieza segura de coches, caravanas y campers recomendado tanto para lavado manual como a baja presi\u00f3n. No se come en secciones, moldes, piezas de pl\u00e1stico y aluminio. Rico en sustancias emolientes, disuelve r\u00e1pidamente la suciedad y deja las superficies limpias y brillantes. Diluir en agua. La versi\u00f3n V2 con un menor activo tambi\u00e9n est\u00e1 disponible.<\/p>\n<\/div>\n<\/div>\n<\/div>\n<\/div>\n","protected":false},"excerpt":{"rendered":"<div class=\"page\" title=\"Page 7\">\n<div class=\"section\">\n<div class=\"layoutArea\">\n<div class=\"column\">\n<p>DETERGENTE DE BAJA ALCALINIDAD PARA USO MANUAL<\/p>\n<\/div>\n<\/div>\n<\/div>\n<\/div>\n","protected":false},"featured_media":3498,"template":"","meta":{"_acf_changed":false,"_seopress_robots_primary_cat":"","_seopress_titles_title":"","_seopress_titles_desc":"","_seopress_robots_index":"","_seopress_analysis_target_kw":""},"product_brand":[],"product_cat":[782,352],"product_tag":[],"class_list":{"0":"post-3352","1":"product","2":"type-product","3":"status-publish","4":"has-post-thumbnail","6":"product_cat-limpiadores-exteriores","7":"product_cat-prelavados-de-baja-alcalinidad","9":"first","10":"instock","11":"shipping-taxable","12":"product-type-variable"},"acf":[],"_links":{"self":[{"href":"https:\/\/www.atassrl.it\/es\/wp-json\/wp\/v2\/product\/3352","targetHints":{"allow":["GET"]}}],"collection":[{"href":"https:\/\/www.atassrl.it\/es\/wp-json\/wp\/v2\/product"}],"about":[{"href":"https:\/\/www.atassrl.it\/es\/wp-json\/wp\/v2\/types\/product"}],"wp:featuredmedia":[{"embeddable":true,"href":"https:\/\/www.atassrl.it\/es\/wp-json\/wp\/v2\/media\/3498"}],"wp:attachment":[{"href":"https:\/\/www.atassrl.it\/es\/wp-json\/wp\/v2\/media?parent=3352"}],"wp:term":[{"taxonomy":"product_brand","embeddable":true,"href":"https:\/\/www.atassrl.it\/es\/wp-json\/wp\/v2\/product_brand?post=3352"},{"taxonomy":"product_cat","embeddable":true,"href":"https:\/\/www.atassrl.it\/es\/wp-json\/wp\/v2\/product_cat?post=3352"},{"taxonomy":"product_tag","embeddable":true,"href":"https:\/\/www.atassrl.it\/es\/wp-json\/wp\/v2\/product_tag?post=3352"}],"curies":[{"name":"wp","href":"https:\/\/api.w.org\/{rel}","templated":true}]}}