{"id":3592,"date":"2019-07-08T17:52:07","date_gmt":"2019-07-08T15:52:07","guid":{"rendered":"http:\/\/atas.devsrvr.net\/prodotto\/deco-2\/"},"modified":"2022-07-28T09:17:36","modified_gmt":"2022-07-28T07:17:36","slug":"deco-2","status":"publish","type":"product","link":"https:\/\/www.atassrl.it\/es\/prodotto\/deco-2\/","title":{"rendered":"DECO"},"content":{"rendered":"<div class=\"page\" title=\"Page 9\">\n<div class=\"layoutArea\">\n<div class=\"column\">\n<p style=\"font-weight: 400;\">El detergente para lavado de coches m\u00e1s solicitado: el perfecto equilibrio de sus componentes es garant\u00eda de excelentes resultados. Elimina en profundidad la suciedad grasa y el smog sin alterar pinturas y perfiles. Rico en agentes secuestrantes, permanece activo durante mucho tiempo incluso en presencia de aguas particularmente \u00abduras\u00bb. Contiene sustancias especiales con acci\u00f3n antiest\u00e1tica y abrillantadora y tambi\u00e9n es apto para lavados en autoservicio. Tambi\u00e9n v\u00e1lido para llantas.<\/p>\n<\/div>\n<\/div>\n<\/div>\n","protected":false},"excerpt":{"rendered":"<div class=\"page\" title=\"Page 9\">\n<div class=\"layoutArea\">\n<div class=\"column\">\n<div><span lang=\"ES\">DETERGENTE PARA LAVADO DE COCHES<\/span><\/div>\n<\/div>\n<\/div>\n<\/div>\n","protected":false},"featured_media":3379,"template":"","meta":{"_acf_changed":false,"_seopress_robots_primary_cat":"","_seopress_titles_title":"","_seopress_titles_desc":"","_seopress_robots_index":"","_seopress_analysis_target_kw":""},"product_brand":[],"product_cat":[782,356],"product_tag":[],"class_list":{"0":"post-3592","1":"product","2":"type-product","3":"status-publish","4":"has-post-thumbnail","6":"product_cat-limpiadores-exteriores","7":"product_cat-prelavados-de-mediana-potencia","9":"first","10":"instock","11":"shipping-taxable","12":"product-type-variable"},"acf":[],"_links":{"self":[{"href":"https:\/\/www.atassrl.it\/es\/wp-json\/wp\/v2\/product\/3592","targetHints":{"allow":["GET"]}}],"collection":[{"href":"https:\/\/www.atassrl.it\/es\/wp-json\/wp\/v2\/product"}],"about":[{"href":"https:\/\/www.atassrl.it\/es\/wp-json\/wp\/v2\/types\/product"}],"wp:featuredmedia":[{"embeddable":true,"href":"https:\/\/www.atassrl.it\/es\/wp-json\/wp\/v2\/media\/3379"}],"wp:attachment":[{"href":"https:\/\/www.atassrl.it\/es\/wp-json\/wp\/v2\/media?parent=3592"}],"wp:term":[{"taxonomy":"product_brand","embeddable":true,"href":"https:\/\/www.atassrl.it\/es\/wp-json\/wp\/v2\/product_brand?post=3592"},{"taxonomy":"product_cat","embeddable":true,"href":"https:\/\/www.atassrl.it\/es\/wp-json\/wp\/v2\/product_cat?post=3592"},{"taxonomy":"product_tag","embeddable":true,"href":"https:\/\/www.atassrl.it\/es\/wp-json\/wp\/v2\/product_tag?post=3592"}],"curies":[{"name":"wp","href":"https:\/\/api.w.org\/{rel}","templated":true}]}}