{"id":3650,"date":"2019-07-09T15:41:01","date_gmt":"2019-07-09T13:41:01","guid":{"rendered":"http:\/\/atas.devsrvr.net\/prodotto\/demicar\/"},"modified":"2022-10-13T10:17:51","modified_gmt":"2022-10-13T08:17:51","slug":"nf-511","status":"publish","type":"product","link":"https:\/\/www.atassrl.it\/es\/prodotto\/nf-511\/","title":{"rendered":"NF 511"},"content":{"rendered":"<div class=\"page\" title=\"Page 12\">\n<div class=\"layoutArea\">\n<div class=\"column\">\n<p><span data-sheets-value=\"{&quot;1&quot;:2,&quot;2&quot;:&quot;Detergente sin f\u00f3sforonnDetergente alcalino especial formulado con nuevos materiales de reducido impacto ambiental para dar un paso m\u00e1s hacia una qu\u00edmica cada vez m\u00e1s ecosostenible.nCon alto poder de lavado, disuelve r\u00e1pidamente la suciedad del tr\u00e1fico y emulsiona profundamente los residuos grasos. Contiene secuestrantes f\u00e1cilmente biodegradables derivados de materias primas naturales y renovables. No contiene f\u00f3sforo. En espuma promedio, se puede usar tanto a baja como a alta presi\u00f3n.n&quot;}\" data-sheets-userformat=\"{&quot;2&quot;:2819,&quot;3&quot;:{&quot;1&quot;:0},&quot;4&quot;:{&quot;1&quot;:2,&quot;2&quot;:16777215},&quot;11&quot;:4,&quot;12&quot;:0,&quot;14&quot;:{&quot;1&quot;:2,&quot;2&quot;:0}}\">Detergente alcalino especial formulado con nuevos materiales de reducido impacto ambiental para dar un paso m\u00e1s hacia una qu\u00edmica cada vez m\u00e1s ecosostenible.<br \/>\nCon alto poder de lavado, disuelve r\u00e1pidamente la suciedad del tr\u00e1fico y emulsiona profundamente los residuos grasos. Contiene secuestrantes f\u00e1cilmente biodegradables derivados de materias primas naturales y renovables. No contiene f\u00f3sforo. En espuma promedio, se puede usar tanto a baja como a alta presi\u00f3n.<br \/>\n<\/span><\/p>\n<\/div>\n<\/div>\n<\/div>\n","protected":false},"excerpt":{"rendered":"<div class=\"page\" title=\"Page 12\">\n<div class=\"layoutArea\">\n<div class=\"column\">\n<p><span data-sheets-value=\"{&quot;1&quot;:2,&quot;2&quot;:&quot;Detergente sin f\u00f3sforonnDetergente alcalino especial formulado con nuevos materiales de reducido impacto ambiental para dar un paso m\u00e1s hacia una qu\u00edmica cada vez m\u00e1s ecosostenible.nCon alto poder de lavado, disuelve r\u00e1pidamente la suciedad del tr\u00e1fico y emulsiona profundamente los residuos grasos. Contiene secuestrantes f\u00e1cilmente biodegradables derivados de materias primas naturales y renovables. No contiene f\u00f3sforo. En espuma promedio, se puede usar tanto a baja como a alta presi\u00f3n.n&quot;}\" data-sheets-userformat=\"{&quot;2&quot;:2819,&quot;3&quot;:{&quot;1&quot;:0},&quot;4&quot;:{&quot;1&quot;:2,&quot;2&quot;:16777215},&quot;11&quot;:4,&quot;12&quot;:0,&quot;14&quot;:{&quot;1&quot;:2,&quot;2&quot;:0}}\">DETERGENTE SIN F\u00d3SFORO<\/span><\/p>\n<\/div>\n<\/div>\n<\/div>\n","protected":false},"featured_media":9437,"template":"","meta":{"_acf_changed":false,"_seopress_robots_primary_cat":"","_seopress_titles_title":"","_seopress_titles_desc":"","_seopress_robots_index":"","_seopress_analysis_target_kw":""},"product_brand":[],"product_cat":[273],"product_tag":[],"class_list":{"0":"post-3650","1":"product","2":"type-product","3":"status-publish","4":"has-post-thumbnail","6":"product_cat-linea-atasdet-es","8":"first","9":"instock","10":"shipping-taxable","11":"product-type-variable"},"acf":[],"_links":{"self":[{"href":"https:\/\/www.atassrl.it\/es\/wp-json\/wp\/v2\/product\/3650","targetHints":{"allow":["GET"]}}],"collection":[{"href":"https:\/\/www.atassrl.it\/es\/wp-json\/wp\/v2\/product"}],"about":[{"href":"https:\/\/www.atassrl.it\/es\/wp-json\/wp\/v2\/types\/product"}],"wp:featuredmedia":[{"embeddable":true,"href":"https:\/\/www.atassrl.it\/es\/wp-json\/wp\/v2\/media\/9437"}],"wp:attachment":[{"href":"https:\/\/www.atassrl.it\/es\/wp-json\/wp\/v2\/media?parent=3650"}],"wp:term":[{"taxonomy":"product_brand","embeddable":true,"href":"https:\/\/www.atassrl.it\/es\/wp-json\/wp\/v2\/product_brand?post=3650"},{"taxonomy":"product_cat","embeddable":true,"href":"https:\/\/www.atassrl.it\/es\/wp-json\/wp\/v2\/product_cat?post=3650"},{"taxonomy":"product_tag","embeddable":true,"href":"https:\/\/www.atassrl.it\/es\/wp-json\/wp\/v2\/product_tag?post=3650"}],"curies":[{"name":"wp","href":"https:\/\/api.w.org\/{rel}","templated":true}]}}