{"id":3658,"date":"2019-07-09T15:44:34","date_gmt":"2019-07-09T13:44:34","guid":{"rendered":"http:\/\/atas.devsrvr.net\/prodotto\/monostac\/"},"modified":"2022-10-13T10:25:35","modified_gmt":"2022-10-13T08:25:35","slug":"monostac","status":"publish","type":"product","link":"https:\/\/www.atassrl.it\/es\/prodotto\/monostac\/","title":{"rendered":"MONOSTAC"},"content":{"rendered":"<div class=\"page\" title=\"Page 13\">\n<div class=\"section\">\n<div class=\"layoutArea\">\n<div class=\"column\">\n<p><span data-sheets-value=\"{&quot;1&quot;:2,&quot;2&quot;:&quot;DETERGENTE CONCENTRADOnModerno limpiador de acci\u00f3n intensiva para plantas de autoservicio, disuelve profunda y r\u00e1pidamente cualquier tipo de suciedad sin cepillar. Recomendado para lonas, chasis y piezas mec\u00e1nicas en general. Agente espumante medio inodoro. F\u00e1cil de enjuagar, mantiene inalterado su poder efectivo incluso en presencia de agua particularmente dura.&quot;}\" data-sheets-userformat=\"{&quot;2&quot;:2819,&quot;3&quot;:{&quot;1&quot;:0},&quot;4&quot;:{&quot;1&quot;:2,&quot;2&quot;:16777215},&quot;11&quot;:4,&quot;12&quot;:0,&quot;14&quot;:{&quot;1&quot;:2,&quot;2&quot;:0}}\">Moderno limpiador de acci\u00f3n intensiva para plantas de autoservicio, disuelve profunda y r\u00e1pidamente cualquier tipo de suciedad sin cepillar. Recomendado para lonas, chasis y piezas mec\u00e1nicas en general. Agente espumante medio inodoro. F\u00e1cil de enjuagar, mantiene inalterado su poder efectivo incluso en presencia de agua particularmente dura.<\/span><\/p>\n<\/div>\n<\/div>\n<\/div>\n<\/div>\n","protected":false},"excerpt":{"rendered":"<div class=\"page\" title=\"Page 13\">\n<div class=\"section\">\n<div class=\"layoutArea\">\n<div class=\"column\">\n<p><span data-sheets-value=\"{&quot;1&quot;:2,&quot;2&quot;:&quot;DETERGENTE CONCENTRADOnModerno limpiador de acci\u00f3n intensiva para plantas de autoservicio, disuelve profunda y r\u00e1pidamente cualquier tipo de suciedad sin cepillar. Recomendado para lonas, chasis y piezas mec\u00e1nicas en general. Agente espumante medio inodoro. F\u00e1cil de enjuagar, mantiene inalterado su poder efectivo incluso en presencia de agua particularmente dura.&quot;}\" data-sheets-userformat=\"{&quot;2&quot;:2819,&quot;3&quot;:{&quot;1&quot;:0},&quot;4&quot;:{&quot;1&quot;:2,&quot;2&quot;:16777215},&quot;11&quot;:4,&quot;12&quot;:0,&quot;14&quot;:{&quot;1&quot;:2,&quot;2&quot;:0}}\">DETERGENTE CONCENTRADO<\/span><\/p>\n<\/div>\n<\/div>\n<\/div>\n<\/div>\n","protected":false},"featured_media":3472,"template":"","meta":{"_acf_changed":false,"_seopress_robots_primary_cat":"","_seopress_titles_title":"","_seopress_titles_desc":"","_seopress_robots_index":"","_seopress_analysis_target_kw":""},"product_brand":[],"product_cat":[273],"product_tag":[],"class_list":{"0":"post-3658","1":"product","2":"type-product","3":"status-publish","4":"has-post-thumbnail","6":"product_cat-linea-atasdet-es","8":"first","9":"instock","10":"shipping-taxable","11":"product-type-variable"},"acf":[],"_links":{"self":[{"href":"https:\/\/www.atassrl.it\/es\/wp-json\/wp\/v2\/product\/3658","targetHints":{"allow":["GET"]}}],"collection":[{"href":"https:\/\/www.atassrl.it\/es\/wp-json\/wp\/v2\/product"}],"about":[{"href":"https:\/\/www.atassrl.it\/es\/wp-json\/wp\/v2\/types\/product"}],"wp:featuredmedia":[{"embeddable":true,"href":"https:\/\/www.atassrl.it\/es\/wp-json\/wp\/v2\/media\/3472"}],"wp:attachment":[{"href":"https:\/\/www.atassrl.it\/es\/wp-json\/wp\/v2\/media?parent=3658"}],"wp:term":[{"taxonomy":"product_brand","embeddable":true,"href":"https:\/\/www.atassrl.it\/es\/wp-json\/wp\/v2\/product_brand?post=3658"},{"taxonomy":"product_cat","embeddable":true,"href":"https:\/\/www.atassrl.it\/es\/wp-json\/wp\/v2\/product_cat?post=3658"},{"taxonomy":"product_tag","embeddable":true,"href":"https:\/\/www.atassrl.it\/es\/wp-json\/wp\/v2\/product_tag?post=3658"}],"curies":[{"name":"wp","href":"https:\/\/api.w.org\/{rel}","templated":true}]}}