{"id":3672,"date":"2019-07-09T15:50:24","date_gmt":"2019-07-09T13:50:24","guid":{"rendered":"http:\/\/atas.devsrvr.net\/prodotto\/netomax\/"},"modified":"2022-07-28T10:16:27","modified_gmt":"2022-07-28T08:16:27","slug":"netomax","status":"publish","type":"product","link":"https:\/\/www.atassrl.it\/es\/prodotto\/netomax\/","title":{"rendered":"NETOMAX"},"content":{"rendered":"<div class=\"page\" title=\"Page 13\">\n<div class=\"section\">\n<div class=\"layoutArea\">\n<div class=\"column\">\n<p style=\"font-weight: 400;\">Detergente alcalino monof\u00e1sico de alta concentraci\u00f3n que se puede utilizar tanto para lavado a alta presi\u00f3n en sistemas de autoservicio como con nebulizador de baja presi\u00f3n. Moderadamente espumoso y f\u00e1cil de aclarar, act\u00faa r\u00e1pida y definitivamente sobre el tr\u00e1fico y la suciedad grasienta. Tambi\u00e9n se puede utilizar para el lavado exterior de veh\u00edculos pesados y ruedas.<\/p>\n<\/div>\n<\/div>\n<\/div>\n<\/div>\n","protected":false},"excerpt":{"rendered":"<div class=\"page\" title=\"Page 13\">\n<div class=\"section\">\n<div class=\"layoutArea\">\n<div class=\"column\">\n<div><span lang=\"ES\">LIMPIADOR EXTERIOR EXTRAFUERTE<\/span><\/div>\n<\/div>\n<\/div>\n<\/div>\n<\/div>\n","protected":false},"featured_media":3477,"template":"","meta":{"_acf_changed":false,"_seopress_robots_primary_cat":"","_seopress_titles_title":"","_seopress_titles_desc":"","_seopress_robots_index":"","_seopress_analysis_target_kw":""},"product_brand":[],"product_cat":[332,273],"product_tag":[],"class_list":{"0":"post-3672","1":"product","2":"type-product","3":"status-publish","4":"has-post-thumbnail","6":"product_cat-limpiadores-para-exteriores-bicomponentes","7":"product_cat-linea-atasdet-es","9":"first","10":"instock","11":"shipping-taxable","12":"product-type-variable"},"acf":[],"_links":{"self":[{"href":"https:\/\/www.atassrl.it\/es\/wp-json\/wp\/v2\/product\/3672","targetHints":{"allow":["GET"]}}],"collection":[{"href":"https:\/\/www.atassrl.it\/es\/wp-json\/wp\/v2\/product"}],"about":[{"href":"https:\/\/www.atassrl.it\/es\/wp-json\/wp\/v2\/types\/product"}],"wp:featuredmedia":[{"embeddable":true,"href":"https:\/\/www.atassrl.it\/es\/wp-json\/wp\/v2\/media\/3477"}],"wp:attachment":[{"href":"https:\/\/www.atassrl.it\/es\/wp-json\/wp\/v2\/media?parent=3672"}],"wp:term":[{"taxonomy":"product_brand","embeddable":true,"href":"https:\/\/www.atassrl.it\/es\/wp-json\/wp\/v2\/product_brand?post=3672"},{"taxonomy":"product_cat","embeddable":true,"href":"https:\/\/www.atassrl.it\/es\/wp-json\/wp\/v2\/product_cat?post=3672"},{"taxonomy":"product_tag","embeddable":true,"href":"https:\/\/www.atassrl.it\/es\/wp-json\/wp\/v2\/product_tag?post=3672"}],"curies":[{"name":"wp","href":"https:\/\/api.w.org\/{rel}","templated":true}]}}