{"id":3678,"date":"2019-07-09T15:53:49","date_gmt":"2019-07-09T13:53:49","guid":{"rendered":"http:\/\/atas.devsrvr.net\/prodotto\/dimer-2\/"},"modified":"2022-07-28T09:55:12","modified_gmt":"2022-07-28T07:55:12","slug":"dimer-2","status":"publish","type":"product","link":"https:\/\/www.atassrl.it\/es\/prodotto\/dimer-2\/","title":{"rendered":"DIMER"},"content":{"rendered":"<div class=\"page\" title=\"Page 14\">\n<div class=\"section\">\n<div class=\"layoutArea\">\n<div class=\"column\">\n<p style=\"font-weight: 400;\">Bicomponente de calidad garantizada con acci\u00f3n s\u00faper desengrasante incluso sobre viejas incrustaciones: disuelve la pel\u00edcula de tr\u00e1fico sin afectar pinturas y metales. Vers\u00e1til, es adecuado para autom\u00f3viles, camiones, refrigeradores, motores, costados de cajas y tambi\u00e9n puede ser utilizado para pisos y equipos de charcuter\u00eda, almazaras y mataderos. Podemos considerarlo nuestro producto m\u00e1s vendido. Diluir con agua.<\/p>\n<\/div>\n<\/div>\n<\/div>\n<\/div>\n","protected":false},"excerpt":{"rendered":"<div class=\"page\" title=\"Page 14\">\n<div class=\"section\">\n<div class=\"layoutArea\">\n<div class=\"column\">\n<div><span lang=\"ES\">DETERGENTE EXTERNO SUPERCONCENTRADO<\/span><\/div>\n<\/div>\n<\/div>\n<\/div>\n<\/div>\n","protected":false},"featured_media":3396,"template":"","meta":{"_acf_changed":false,"_seopress_robots_primary_cat":"","_seopress_titles_title":"","_seopress_titles_desc":"","_seopress_robots_index":"","_seopress_analysis_target_kw":""},"product_brand":[],"product_cat":[332,273],"product_tag":[],"class_list":{"0":"post-3678","1":"product","2":"type-product","3":"status-publish","4":"has-post-thumbnail","6":"product_cat-limpiadores-para-exteriores-bicomponentes","7":"product_cat-linea-atasdet-es","9":"first","10":"instock","11":"shipping-taxable","12":"product-type-variable"},"acf":[],"_links":{"self":[{"href":"https:\/\/www.atassrl.it\/es\/wp-json\/wp\/v2\/product\/3678","targetHints":{"allow":["GET"]}}],"collection":[{"href":"https:\/\/www.atassrl.it\/es\/wp-json\/wp\/v2\/product"}],"about":[{"href":"https:\/\/www.atassrl.it\/es\/wp-json\/wp\/v2\/types\/product"}],"wp:featuredmedia":[{"embeddable":true,"href":"https:\/\/www.atassrl.it\/es\/wp-json\/wp\/v2\/media\/3396"}],"wp:attachment":[{"href":"https:\/\/www.atassrl.it\/es\/wp-json\/wp\/v2\/media?parent=3678"}],"wp:term":[{"taxonomy":"product_brand","embeddable":true,"href":"https:\/\/www.atassrl.it\/es\/wp-json\/wp\/v2\/product_brand?post=3678"},{"taxonomy":"product_cat","embeddable":true,"href":"https:\/\/www.atassrl.it\/es\/wp-json\/wp\/v2\/product_cat?post=3678"},{"taxonomy":"product_tag","embeddable":true,"href":"https:\/\/www.atassrl.it\/es\/wp-json\/wp\/v2\/product_tag?post=3678"}],"curies":[{"name":"wp","href":"https:\/\/api.w.org\/{rel}","templated":true}]}}