{"id":3720,"date":"2019-07-09T16:23:11","date_gmt":"2019-07-09T14:23:11","guid":{"rendered":"http:\/\/atas.devsrvr.net\/prodotto\/vis-410\/"},"modified":"2022-07-28T10:18:41","modified_gmt":"2022-07-28T08:18:41","slug":"vis-410","status":"publish","type":"product","link":"https:\/\/www.atassrl.it\/es\/prodotto\/vis-410\/","title":{"rendered":"VIS 410"},"content":{"rendered":"<div class=\"page\" title=\"Page 17\">\n<div class=\"section\">\n<div class=\"layoutArea\">\n<div class=\"column\">\n<p style=\"font-weight: 400;\">Detergente monof\u00e1sico de base alcalina caracterizado por una fuerte acci\u00f3n emoliente y penetrante. R\u00e1pido y definitivo sobre cualquier tipo de suciedad, no obstruye y no deja residuos. De f\u00e1cil aclarado y moderadamente espumante, no altera las superficies pintadas de pl\u00e1stico y goma. Apto para sistemas de lavado autoservicio de alta presi\u00f3n con una excelente relaci\u00f3n calidad\/precio. Tambi\u00e9n disponible en la versi\u00f3n perfumada \u201cVIS 410 PRF\u201d.<\/p>\n<\/div>\n<\/div>\n<\/div>\n<\/div>\n","protected":false},"excerpt":{"rendered":"<div class=\"page\" title=\"Page 17\">\n<div class=\"section\">\n<div class=\"layoutArea\">\n<div class=\"column\">\n<div><span lang=\"ES\">DETERGENTE FUERTE MODERADAMENTE ESPUMOSO PARA AUTOSERVICIO<\/span><\/div>\n<\/div>\n<\/div>\n<\/div>\n<\/div>\n","protected":false},"featured_media":3532,"template":"","meta":{"_acf_changed":false,"_seopress_robots_primary_cat":"","_seopress_titles_title":"","_seopress_titles_desc":"","_seopress_robots_index":"","_seopress_analysis_target_kw":""},"product_brand":[],"product_cat":[273,368],"product_tag":[],"class_list":{"0":"post-3720","1":"product","2":"type-product","3":"status-publish","4":"has-post-thumbnail","6":"product_cat-linea-atasdet-es","7":"product_cat-self-service-es","9":"first","10":"instock","11":"shipping-taxable","12":"product-type-variable"},"acf":[],"_links":{"self":[{"href":"https:\/\/www.atassrl.it\/es\/wp-json\/wp\/v2\/product\/3720","targetHints":{"allow":["GET"]}}],"collection":[{"href":"https:\/\/www.atassrl.it\/es\/wp-json\/wp\/v2\/product"}],"about":[{"href":"https:\/\/www.atassrl.it\/es\/wp-json\/wp\/v2\/types\/product"}],"wp:featuredmedia":[{"embeddable":true,"href":"https:\/\/www.atassrl.it\/es\/wp-json\/wp\/v2\/media\/3532"}],"wp:attachment":[{"href":"https:\/\/www.atassrl.it\/es\/wp-json\/wp\/v2\/media?parent=3720"}],"wp:term":[{"taxonomy":"product_brand","embeddable":true,"href":"https:\/\/www.atassrl.it\/es\/wp-json\/wp\/v2\/product_brand?post=3720"},{"taxonomy":"product_cat","embeddable":true,"href":"https:\/\/www.atassrl.it\/es\/wp-json\/wp\/v2\/product_cat?post=3720"},{"taxonomy":"product_tag","embeddable":true,"href":"https:\/\/www.atassrl.it\/es\/wp-json\/wp\/v2\/product_tag?post=3720"}],"curies":[{"name":"wp","href":"https:\/\/api.w.org\/{rel}","templated":true}]}}