{"id":3766,"date":"2019-07-09T16:42:51","date_gmt":"2019-07-09T14:42:51","guid":{"rendered":"http:\/\/atas.devsrvr.net\/prodotto\/ecotas-lavaesterni\/"},"modified":"2022-07-28T10:54:50","modified_gmt":"2022-07-28T08:54:50","slug":"ecotas-detergente-exterior","status":"publish","type":"product","link":"https:\/\/www.atassrl.it\/es\/prodotto\/ecotas-detergente-exterior\/","title":{"rendered":"ECOTAS-DETERGENTE EXTERIOR"},"content":{"rendered":"<div class=\"page\" title=\"Page 20\">\n<div class=\"section\">\n<div class=\"layoutArea\">\n<div class=\"column\">\n<p style=\"font-weight: 400;\">Detergente concentrado monocomponente indicado para la limpieza y desengrasado de autom\u00f3viles, camiones, furgonetas, piezas mec\u00e1nicas y equipos industriales. Perfumado, respeta las superficies tratadas, se aclara f\u00e1cilmente y es compatible con cualquier tipo de tratamiento de purificaci\u00f3n. Evite el contacto prolongado con las superficies de aluminio.<\/p>\n<\/div>\n<\/div>\n<\/div>\n<\/div>\n","protected":false},"excerpt":{"rendered":"<div class=\"page\" title=\"Page 20\">\n<div class=\"section\">\n<div class=\"layoutArea\">\n<div class=\"column\">\n<div><span lang=\"ES\">DETERGENTE EXTERIOR<\/span><\/div>\n<\/div>\n<\/div>\n<\/div>\n<\/div>\n","protected":false},"featured_media":9458,"template":"","meta":{"_acf_changed":false,"_seopress_robots_primary_cat":"","_seopress_titles_title":"","_seopress_titles_desc":"","_seopress_robots_index":"","_seopress_analysis_target_kw":""},"product_brand":[],"product_cat":[290,332],"product_tag":[],"class_list":{"0":"post-3766","1":"product","2":"type-product","3":"status-publish","4":"has-post-thumbnail","6":"product_cat-ecotass-es-2","7":"product_cat-limpiadores-para-exteriores-bicomponentes","9":"first","10":"instock","11":"shipping-taxable","12":"product-type-simple"},"acf":[],"_links":{"self":[{"href":"https:\/\/www.atassrl.it\/es\/wp-json\/wp\/v2\/product\/3766","targetHints":{"allow":["GET"]}}],"collection":[{"href":"https:\/\/www.atassrl.it\/es\/wp-json\/wp\/v2\/product"}],"about":[{"href":"https:\/\/www.atassrl.it\/es\/wp-json\/wp\/v2\/types\/product"}],"wp:featuredmedia":[{"embeddable":true,"href":"https:\/\/www.atassrl.it\/es\/wp-json\/wp\/v2\/media\/9458"}],"wp:attachment":[{"href":"https:\/\/www.atassrl.it\/es\/wp-json\/wp\/v2\/media?parent=3766"}],"wp:term":[{"taxonomy":"product_brand","embeddable":true,"href":"https:\/\/www.atassrl.it\/es\/wp-json\/wp\/v2\/product_brand?post=3766"},{"taxonomy":"product_cat","embeddable":true,"href":"https:\/\/www.atassrl.it\/es\/wp-json\/wp\/v2\/product_cat?post=3766"},{"taxonomy":"product_tag","embeddable":true,"href":"https:\/\/www.atassrl.it\/es\/wp-json\/wp\/v2\/product_tag?post=3766"}],"curies":[{"name":"wp","href":"https:\/\/api.w.org\/{rel}","templated":true}]}}