{"id":3787,"date":"2019-07-09T16:58:40","date_gmt":"2019-07-09T14:58:40","guid":{"rendered":"http:\/\/atas.devsrvr.net\/prodotto\/autobella-2\/"},"modified":"2022-07-28T11:26:11","modified_gmt":"2022-07-28T09:26:11","slug":"autobella-2","status":"publish","type":"product","link":"https:\/\/www.atassrl.it\/es\/prodotto\/autobella-2\/","title":{"rendered":"AUTOBELLA"},"content":{"rendered":"<div class=\"page\" title=\"Page 22\">\n<div class=\"section\">\n<div class=\"layoutArea\">\n<div class=\"column\">\n<p style=\"font-weight: 400;\">Producto de alta viscosidad con 20% de materia activa, produce una abundante espuma cremosa altamente efectiva sobre suciedades grasas, smog y residuos de insectos. Formulado con Ph neutro, respeta hasta las pinturas m\u00e1s delicadas. No contiene fosfatos, se aclara f\u00e1cilmente y da un brillo excelente a las superficies tratadas. Tambi\u00e9n disponible en el M.A. 22%.<\/p>\n<\/div>\n<\/div>\n<\/div>\n<\/div>\n","protected":false},"excerpt":{"rendered":"<div class=\"page\" title=\"Page 22\">\n<div class=\"section\">\n<div class=\"layoutArea\">\n<div class=\"column\">\n<p style=\"font-weight: 400;\">CHAMP\u00da AUTOM\u00c1TICO MANUAL<\/p>\n<\/div>\n<\/div>\n<\/div>\n<\/div>\n","protected":false},"featured_media":3359,"template":"","meta":{"_acf_changed":false,"_seopress_robots_primary_cat":"","_seopress_titles_title":"","_seopress_titles_desc":"","_seopress_robots_index":"","_seopress_analysis_target_kw":""},"product_brand":[],"product_cat":[375,782,273],"product_tag":[],"class_list":{"0":"post-3787","1":"product","2":"type-product","3":"status-publish","4":"has-post-thumbnail","6":"product_cat-champu-neutro","7":"product_cat-limpiadores-exteriores","8":"product_cat-linea-atasdet-es","10":"first","11":"instock","12":"shipping-taxable","13":"product-type-variable"},"acf":[],"_links":{"self":[{"href":"https:\/\/www.atassrl.it\/es\/wp-json\/wp\/v2\/product\/3787","targetHints":{"allow":["GET"]}}],"collection":[{"href":"https:\/\/www.atassrl.it\/es\/wp-json\/wp\/v2\/product"}],"about":[{"href":"https:\/\/www.atassrl.it\/es\/wp-json\/wp\/v2\/types\/product"}],"wp:featuredmedia":[{"embeddable":true,"href":"https:\/\/www.atassrl.it\/es\/wp-json\/wp\/v2\/media\/3359"}],"wp:attachment":[{"href":"https:\/\/www.atassrl.it\/es\/wp-json\/wp\/v2\/media?parent=3787"}],"wp:term":[{"taxonomy":"product_brand","embeddable":true,"href":"https:\/\/www.atassrl.it\/es\/wp-json\/wp\/v2\/product_brand?post=3787"},{"taxonomy":"product_cat","embeddable":true,"href":"https:\/\/www.atassrl.it\/es\/wp-json\/wp\/v2\/product_cat?post=3787"},{"taxonomy":"product_tag","embeddable":true,"href":"https:\/\/www.atassrl.it\/es\/wp-json\/wp\/v2\/product_tag?post=3787"}],"curies":[{"name":"wp","href":"https:\/\/api.w.org\/{rel}","templated":true}]}}