{"id":3798,"date":"2019-07-09T17:14:42","date_gmt":"2019-07-09T15:14:42","guid":{"rendered":"http:\/\/atas.devsrvr.net\/prodotto\/dls-100\/"},"modified":"2022-07-28T11:35:33","modified_gmt":"2022-07-28T09:35:33","slug":"dls-100","status":"publish","type":"product","link":"https:\/\/www.atassrl.it\/es\/prodotto\/dls-100\/","title":{"rendered":"DLS 100"},"content":{"rendered":"<div class=\"page\" title=\"Page 24\">\n<div class=\"section\">\n<div class=\"layoutArea\">\n<div class=\"column\">\n<div><span lang=\"ES\">Mezcla especial de tensioactivos con alto poder espumante que asegura un excelente \u00abefecto nieve\u00bb. La abundante espuma que se desarrolla suaviza la suciedad residual, facilitando la acci\u00f3n de limpieza de los cepillos. Efecto de limpieza d\u00e9bil, f\u00e1cil de enjuagar, no deja residuos y no afecta la fase de secado. <\/span>La versi\u00f3n perfumada \u201cPRF\u201d est\u00e1 disponible.<\/div>\n<\/div>\n<\/div>\n<\/div>\n<\/div>\n","protected":false},"excerpt":{"rendered":"<div class=\"page\" title=\"Page 24\">\n<div class=\"section\">\n<div class=\"layoutArea\">\n<div class=\"column\">\n<p>ESPUMO\u0301GENO PARA INSTALACIONES AUTOMA\u0301TICAS<\/p>\n<\/div>\n<\/div>\n<\/div>\n<\/div>\n","protected":false},"featured_media":3401,"template":"","meta":{"_acf_changed":false,"_seopress_robots_primary_cat":"","_seopress_titles_title":"","_seopress_titles_desc":"","_seopress_robots_index":"","_seopress_analysis_target_kw":""},"product_brand":[],"product_cat":[364,273],"product_tag":[900],"class_list":{"0":"post-3798","1":"product","2":"type-product","3":"status-publish","4":"has-post-thumbnail","6":"product_cat-espumogenos","7":"product_cat-linea-atasdet-es","8":"product_tag-agente-espumante","10":"first","11":"instock","12":"shipping-taxable","13":"product-type-simple"},"acf":[],"_links":{"self":[{"href":"https:\/\/www.atassrl.it\/es\/wp-json\/wp\/v2\/product\/3798","targetHints":{"allow":["GET"]}}],"collection":[{"href":"https:\/\/www.atassrl.it\/es\/wp-json\/wp\/v2\/product"}],"about":[{"href":"https:\/\/www.atassrl.it\/es\/wp-json\/wp\/v2\/types\/product"}],"wp:featuredmedia":[{"embeddable":true,"href":"https:\/\/www.atassrl.it\/es\/wp-json\/wp\/v2\/media\/3401"}],"wp:attachment":[{"href":"https:\/\/www.atassrl.it\/es\/wp-json\/wp\/v2\/media?parent=3798"}],"wp:term":[{"taxonomy":"product_brand","embeddable":true,"href":"https:\/\/www.atassrl.it\/es\/wp-json\/wp\/v2\/product_brand?post=3798"},{"taxonomy":"product_cat","embeddable":true,"href":"https:\/\/www.atassrl.it\/es\/wp-json\/wp\/v2\/product_cat?post=3798"},{"taxonomy":"product_tag","embeddable":true,"href":"https:\/\/www.atassrl.it\/es\/wp-json\/wp\/v2\/product_tag?post=3798"}],"curies":[{"name":"wp","href":"https:\/\/api.w.org\/{rel}","templated":true}]}}