{"id":3812,"date":"2019-07-09T17:20:54","date_gmt":"2019-07-09T15:20:54","guid":{"rendered":"http:\/\/atas.devsrvr.net\/prodotto\/dls-125\/"},"modified":"2022-07-28T11:39:02","modified_gmt":"2022-07-28T09:39:02","slug":"dls-125","status":"publish","type":"product","link":"https:\/\/www.atassrl.it\/es\/prodotto\/dls-125\/","title":{"rendered":"DLS 125"},"content":{"rendered":"<div class=\"page\" title=\"Page 24\">\n<div class=\"section\">\n<div class=\"layoutArea\">\n<div class=\"column\">\n<p style=\"font-weight: 400;\">Produce una espuma suave y voluminosa con un alto poder de anclaje que asegura una perfecta detergencia. Se enjuaga f\u00e1cilmente, no deja residuos y no afecta el desempe\u00f1o de la cera. Operar a una presi\u00f3n de no menos de 5-6 atm. Se puede utilizar tanto en sistemas autom\u00e1ticos como con nebulizador espumante. Tambi\u00e9n est\u00e1 disponible la versi\u00f3n \u201cAL\u201d con menos activo.<\/p>\n<\/div>\n<\/div>\n<\/div>\n<\/div>\n","protected":false},"excerpt":{"rendered":"<div class=\"page\" title=\"Page 24\">\n<div class=\"section\">\n<div class=\"layoutArea\">\n<div class=\"column\">\n<p>DETERGENTE ESPUMO\u0301GENO<\/p>\n<\/div>\n<\/div>\n<\/div>\n<\/div>\n","protected":false},"featured_media":3406,"template":"","meta":{"_acf_changed":false,"_seopress_robots_primary_cat":"","_seopress_titles_title":"","_seopress_titles_desc":"","_seopress_robots_index":"","_seopress_analysis_target_kw":""},"product_brand":[],"product_cat":[364,273],"product_tag":[],"class_list":{"0":"post-3812","1":"product","2":"type-product","3":"status-publish","4":"has-post-thumbnail","6":"product_cat-espumogenos","7":"product_cat-linea-atasdet-es","9":"first","10":"instock","11":"shipping-taxable","12":"product-type-variable"},"acf":[],"_links":{"self":[{"href":"https:\/\/www.atassrl.it\/es\/wp-json\/wp\/v2\/product\/3812","targetHints":{"allow":["GET"]}}],"collection":[{"href":"https:\/\/www.atassrl.it\/es\/wp-json\/wp\/v2\/product"}],"about":[{"href":"https:\/\/www.atassrl.it\/es\/wp-json\/wp\/v2\/types\/product"}],"wp:featuredmedia":[{"embeddable":true,"href":"https:\/\/www.atassrl.it\/es\/wp-json\/wp\/v2\/media\/3406"}],"wp:attachment":[{"href":"https:\/\/www.atassrl.it\/es\/wp-json\/wp\/v2\/media?parent=3812"}],"wp:term":[{"taxonomy":"product_brand","embeddable":true,"href":"https:\/\/www.atassrl.it\/es\/wp-json\/wp\/v2\/product_brand?post=3812"},{"taxonomy":"product_cat","embeddable":true,"href":"https:\/\/www.atassrl.it\/es\/wp-json\/wp\/v2\/product_cat?post=3812"},{"taxonomy":"product_tag","embeddable":true,"href":"https:\/\/www.atassrl.it\/es\/wp-json\/wp\/v2\/product_tag?post=3812"}],"curies":[{"name":"wp","href":"https:\/\/api.w.org\/{rel}","templated":true}]}}