{"id":3842,"date":"2019-07-09T17:32:51","date_gmt":"2019-07-09T15:32:51","guid":{"rendered":"http:\/\/atas.devsrvr.net\/prodotto\/deter-p12\/"},"modified":"2022-07-28T14:58:56","modified_gmt":"2022-07-28T12:58:56","slug":"deter-p12","status":"publish","type":"product","link":"https:\/\/www.atassrl.it\/es\/prodotto\/deter-p12\/","title":{"rendered":"DETER P12"},"content":{"rendered":"<div class=\"page\" title=\"Page 27\">\n<div class=\"section\">\n<div class=\"layoutArea\">\n<div class=\"column\">\n<p style=\"font-weight: 400;\">Espec\u00edficamente desarrollado para sistemas autom\u00e1ticos, adem\u00e1s de la limpieza, neutraliza la alcalinidad residual, preparando la superficie del autom\u00f3vil de la mejor manera posible para la fase de encerado. De f\u00e1cil enjuague, contribuye a la limpieza de los pinceles (que, sin embargo, deben enjuagarse al final del d\u00eda).<\/p>\n<\/div>\n<\/div>\n<\/div>\n<\/div>\n","protected":false},"excerpt":{"rendered":"<div class=\"page\" title=\"Page 27\">\n<div class=\"section\">\n<div class=\"layoutArea\">\n<div class=\"column\">\n<p>ESPUMO\u0301GENO PREVIO AL ENCERADO<\/p>\n<\/div>\n<\/div>\n<\/div>\n<\/div>\n","protected":false},"featured_media":3392,"template":"","meta":{"_acf_changed":false,"_seopress_robots_primary_cat":"","_seopress_titles_title":"","_seopress_titles_desc":"","_seopress_robots_index":"","_seopress_analysis_target_kw":""},"product_brand":[],"product_cat":[273,397],"product_tag":[],"class_list":{"0":"post-3842","1":"product","2":"type-product","3":"status-publish","4":"has-post-thumbnail","6":"product_cat-linea-atasdet-es","7":"product_cat-preceras-y-ceras","9":"first","10":"instock","11":"shipping-taxable","12":"product-type-variable"},"acf":[],"_links":{"self":[{"href":"https:\/\/www.atassrl.it\/es\/wp-json\/wp\/v2\/product\/3842","targetHints":{"allow":["GET"]}}],"collection":[{"href":"https:\/\/www.atassrl.it\/es\/wp-json\/wp\/v2\/product"}],"about":[{"href":"https:\/\/www.atassrl.it\/es\/wp-json\/wp\/v2\/types\/product"}],"wp:featuredmedia":[{"embeddable":true,"href":"https:\/\/www.atassrl.it\/es\/wp-json\/wp\/v2\/media\/3392"}],"wp:attachment":[{"href":"https:\/\/www.atassrl.it\/es\/wp-json\/wp\/v2\/media?parent=3842"}],"wp:term":[{"taxonomy":"product_brand","embeddable":true,"href":"https:\/\/www.atassrl.it\/es\/wp-json\/wp\/v2\/product_brand?post=3842"},{"taxonomy":"product_cat","embeddable":true,"href":"https:\/\/www.atassrl.it\/es\/wp-json\/wp\/v2\/product_cat?post=3842"},{"taxonomy":"product_tag","embeddable":true,"href":"https:\/\/www.atassrl.it\/es\/wp-json\/wp\/v2\/product_tag?post=3842"}],"curies":[{"name":"wp","href":"https:\/\/api.w.org\/{rel}","templated":true}]}}