{"id":3860,"date":"2019-07-09T17:40:13","date_gmt":"2019-07-09T15:40:13","guid":{"rendered":"http:\/\/atas.devsrvr.net\/prodotto\/repel-eco\/"},"modified":"2022-07-28T15:51:58","modified_gmt":"2022-07-28T13:51:58","slug":"repel-eco","status":"publish","type":"product","link":"https:\/\/www.atassrl.it\/es\/prodotto\/repel-eco\/","title":{"rendered":"REPEL ECO"},"content":{"rendered":"<div class=\"page\" title=\"Page 28\">\n<div class=\"section\">\n<div class=\"layoutArea\">\n<div class=\"column\">\n<div><span lang=\"ES\">Excelente formulaci\u00f3n de base cati\u00f3nica para ser utilizada en sistemas de lavado autom\u00e1tico. Provoca la rotura inmediata del velo de agua, con la consiguiente formaci\u00f3n de gotas que, al deslizarse, dejar\u00e1n el coche perfectamente seco y brillante. Una fina pel\u00edcula proteger\u00e1 la pintura de la oxidaci\u00f3n y facilitar\u00e1 los lavados posteriores. No congela, no engrasa y no ensucia los cepillos y el \u00e1rea de uso. Tambi\u00e9n disponible en la versi\u00f3n \u00abRI\u00bb con menos activos y la versi\u00f3n perfumada \u00abPRF\u00bb.<\/span><\/div>\n<\/div>\n<\/div>\n<\/div>\n<\/div>\n","protected":false},"excerpt":{"rendered":"<div class=\"page\" title=\"Page 28\">\n<div class=\"section\">\n<div class=\"layoutArea\">\n<div class=\"column\">\n<p>CERA AUTOSECANTE<\/p>\n<\/div>\n<\/div>\n<\/div>\n<\/div>\n","protected":false},"featured_media":3503,"template":"","meta":{"_acf_changed":false,"_seopress_robots_primary_cat":"","_seopress_titles_title":"","_seopress_titles_desc":"","_seopress_robots_index":"","_seopress_analysis_target_kw":""},"product_brand":[],"product_cat":[273,397],"product_tag":[],"class_list":{"0":"post-3860","1":"product","2":"type-product","3":"status-publish","4":"has-post-thumbnail","6":"product_cat-linea-atasdet-es","7":"product_cat-preceras-y-ceras","9":"first","10":"instock","11":"shipping-taxable","12":"product-type-variable"},"acf":[],"_links":{"self":[{"href":"https:\/\/www.atassrl.it\/es\/wp-json\/wp\/v2\/product\/3860","targetHints":{"allow":["GET"]}}],"collection":[{"href":"https:\/\/www.atassrl.it\/es\/wp-json\/wp\/v2\/product"}],"about":[{"href":"https:\/\/www.atassrl.it\/es\/wp-json\/wp\/v2\/types\/product"}],"wp:featuredmedia":[{"embeddable":true,"href":"https:\/\/www.atassrl.it\/es\/wp-json\/wp\/v2\/media\/3503"}],"wp:attachment":[{"href":"https:\/\/www.atassrl.it\/es\/wp-json\/wp\/v2\/media?parent=3860"}],"wp:term":[{"taxonomy":"product_brand","embeddable":true,"href":"https:\/\/www.atassrl.it\/es\/wp-json\/wp\/v2\/product_brand?post=3860"},{"taxonomy":"product_cat","embeddable":true,"href":"https:\/\/www.atassrl.it\/es\/wp-json\/wp\/v2\/product_cat?post=3860"},{"taxonomy":"product_tag","embeddable":true,"href":"https:\/\/www.atassrl.it\/es\/wp-json\/wp\/v2\/product_tag?post=3860"}],"curies":[{"name":"wp","href":"https:\/\/api.w.org\/{rel}","templated":true}]}}