{"id":3910,"date":"2019-07-09T18:00:06","date_gmt":"2019-07-09T16:00:06","guid":{"rendered":"http:\/\/atas.devsrvr.net\/prodotto\/uniwax\/"},"modified":"2022-07-29T09:27:02","modified_gmt":"2022-07-29T07:27:02","slug":"uniwax","status":"publish","type":"product","link":"https:\/\/www.atassrl.it\/es\/prodotto\/uniwax\/","title":{"rendered":"UNIWAX"},"content":{"rendered":"<div class=\"page\" title=\"Page 30\">\n<div class=\"section\">\n<div class=\"layoutArea\">\n<div class=\"column\">\n<p style=\"font-weight: 400;\">Formulaci\u00f3n polim\u00e9rica-cati\u00f3nica especial capaz de asegurar el perfecto y r\u00e1pido secado del coche. Utilizable en t\u00faneles y sistemas de lavado de autoservicio, ofrece un alto rendimiento que garantiza resultados ultrabrillantes y una intensidad de color profunda. Se puede utilizar tanto con agua dura como osm\u00f3tica; no deja halos ni manchas blancas y no ensucia las brochas. Producto libre de aceites minerales, disolventes alif\u00e1ticos y arom\u00e1ticos. Contiene un alto porcentaje de sustancias de origen natural que le confieren un excelente perfil ecol\u00f3gico.<\/p>\n<\/div>\n<\/div>\n<\/div>\n<\/div>\n","protected":false},"excerpt":{"rendered":"<div class=\"page\" title=\"Page 30\">\n<div class=\"section\">\n<div class=\"layoutArea\">\n<div class=\"column\">\n<div><span lang=\"ES\">AGENTE DE PULIDO AUTOSECANTE CONCENTRADO<\/span><\/div>\n<\/div>\n<\/div>\n<\/div>\n<\/div>\n","protected":false},"featured_media":9502,"template":"","meta":{"_acf_changed":false,"_seopress_robots_primary_cat":"","_seopress_titles_title":"","_seopress_titles_desc":"","_seopress_robots_index":"","_seopress_analysis_target_kw":""},"product_brand":[],"product_cat":[273,397],"product_tag":[],"class_list":{"0":"post-3910","1":"product","2":"type-product","3":"status-publish","4":"has-post-thumbnail","6":"product_cat-linea-atasdet-es","7":"product_cat-preceras-y-ceras","9":"first","10":"instock","11":"shipping-taxable","12":"product-type-variable"},"acf":[],"_links":{"self":[{"href":"https:\/\/www.atassrl.it\/es\/wp-json\/wp\/v2\/product\/3910","targetHints":{"allow":["GET"]}}],"collection":[{"href":"https:\/\/www.atassrl.it\/es\/wp-json\/wp\/v2\/product"}],"about":[{"href":"https:\/\/www.atassrl.it\/es\/wp-json\/wp\/v2\/types\/product"}],"wp:featuredmedia":[{"embeddable":true,"href":"https:\/\/www.atassrl.it\/es\/wp-json\/wp\/v2\/media\/9502"}],"wp:attachment":[{"href":"https:\/\/www.atassrl.it\/es\/wp-json\/wp\/v2\/media?parent=3910"}],"wp:term":[{"taxonomy":"product_brand","embeddable":true,"href":"https:\/\/www.atassrl.it\/es\/wp-json\/wp\/v2\/product_brand?post=3910"},{"taxonomy":"product_cat","embeddable":true,"href":"https:\/\/www.atassrl.it\/es\/wp-json\/wp\/v2\/product_cat?post=3910"},{"taxonomy":"product_tag","embeddable":true,"href":"https:\/\/www.atassrl.it\/es\/wp-json\/wp\/v2\/product_tag?post=3910"}],"curies":[{"name":"wp","href":"https:\/\/api.w.org\/{rel}","templated":true}]}}