{"id":3934,"date":"2019-07-11T15:05:22","date_gmt":"2019-07-11T13:05:22","guid":{"rendered":"http:\/\/atas.devsrvr.net\/prodotto\/cerolux\/"},"modified":"2022-08-01T17:37:20","modified_gmt":"2022-08-01T15:37:20","slug":"cerolux","status":"publish","type":"product","link":"https:\/\/www.atassrl.it\/es\/prodotto\/cerolux\/","title":{"rendered":"CEROLUX"},"content":{"rendered":"<div class=\"page\" title=\"Page 32\">\n<div class=\"section\">\n<div class=\"layoutArea\">\n<div class=\"column\">\n<p style=\"font-weight: 400;\">Emulsi\u00f3n cati\u00f3nica estabilizada de alta concentraci\u00f3n, espec\u00edfica para secado qu\u00edmico en t\u00faneles de lavado de alta velocidad. Las sustancias cuaternizadas especiales contenidas provocar\u00e1n la ruptura inmediata del velo de agua que se convertir\u00e1 en gotas grandes y altamente fluidas. Utilizado en combinaci\u00f3n con el preencerado \u00abAutodry\u00bb, garantiza resultados de brillo sorprendentes y un coche perfectamente seco. Se puede utilizar en cualquier \u00e9poca del a\u00f1o, no es graso y no deja residuos.<\/p>\n<\/div>\n<\/div>\n<\/div>\n<\/div>\n","protected":false},"excerpt":{"rendered":"<div class=\"page\" title=\"Page 32\">\n<div class=\"section\">\n<div class=\"layoutArea\">\n<div class=\"column\">\n<div><span lang=\"ES\">CERA DE PULIDO CONCENTRADA<\/span><\/div>\n<\/div>\n<\/div>\n<\/div>\n<\/div>\n","protected":false},"featured_media":3454,"template":"","meta":{"_acf_changed":false,"_seopress_robots_primary_cat":"","_seopress_titles_title":"","_seopress_titles_desc":"","_seopress_robots_index":"","_seopress_analysis_target_kw":""},"product_brand":[],"product_cat":[273,390],"product_tag":[],"class_list":{"0":"post-3934","1":"product","2":"type-product","3":"status-publish","4":"has-post-thumbnail","6":"product_cat-linea-atasdet-es","7":"product_cat-linea-red-ciclo-base","9":"first","10":"instock","11":"shipping-taxable","12":"product-type-variable"},"acf":[],"_links":{"self":[{"href":"https:\/\/www.atassrl.it\/es\/wp-json\/wp\/v2\/product\/3934","targetHints":{"allow":["GET"]}}],"collection":[{"href":"https:\/\/www.atassrl.it\/es\/wp-json\/wp\/v2\/product"}],"about":[{"href":"https:\/\/www.atassrl.it\/es\/wp-json\/wp\/v2\/types\/product"}],"wp:featuredmedia":[{"embeddable":true,"href":"https:\/\/www.atassrl.it\/es\/wp-json\/wp\/v2\/media\/3454"}],"wp:attachment":[{"href":"https:\/\/www.atassrl.it\/es\/wp-json\/wp\/v2\/media?parent=3934"}],"wp:term":[{"taxonomy":"product_brand","embeddable":true,"href":"https:\/\/www.atassrl.it\/es\/wp-json\/wp\/v2\/product_brand?post=3934"},{"taxonomy":"product_cat","embeddable":true,"href":"https:\/\/www.atassrl.it\/es\/wp-json\/wp\/v2\/product_cat?post=3934"},{"taxonomy":"product_tag","embeddable":true,"href":"https:\/\/www.atassrl.it\/es\/wp-json\/wp\/v2\/product_tag?post=3934"}],"curies":[{"name":"wp","href":"https:\/\/api.w.org\/{rel}","templated":true}]}}