{"id":3958,"date":"2019-07-11T15:15:39","date_gmt":"2019-07-11T13:15:39","guid":{"rendered":"http:\/\/atas.devsrvr.net\/prodotto\/emulsec\/"},"modified":"2022-08-01T17:56:12","modified_gmt":"2022-08-01T15:56:12","slug":"emulsec","status":"publish","type":"product","link":"https:\/\/www.atassrl.it\/es\/prodotto\/emulsec\/","title":{"rendered":"EMULSEC"},"content":{"rendered":"<div class=\"page\" title=\"Page 33\">\n<div class=\"layoutArea\">\n<div class=\"column\">\n<p style=\"font-weight: 400;\">Producto a base de cationes que, gracias a la particular acci\u00f3n hidrofugante de sus componentes, provoca la rotura inmediata de la pel\u00edcula de agua sobre la carrocer\u00eda. La alta capacidad de deslizamiento garantiza un secado perfecto y un brillo sorprendente de la pintura. No ensucia ni engrasa, asegura excelentes resultados con cualquier tipo de sistema de lavado.<\/p>\n<\/div>\n<\/div>\n<\/div>\n","protected":false},"excerpt":{"rendered":"<div class=\"page\" title=\"Page 33\">\n<div class=\"layoutArea\">\n<div class=\"column\">\n<p style=\"font-weight: 400;\">HIDRO-CERA AUTOSECANTE<\/p>\n<\/div>\n<\/div>\n<\/div>\n","protected":false},"featured_media":7633,"template":"","meta":{"_acf_changed":false,"_seopress_robots_primary_cat":"","_seopress_titles_title":"","_seopress_titles_desc":"","_seopress_robots_index":"","_seopress_analysis_target_kw":""},"product_brand":[],"product_cat":[273,386],"product_tag":[],"class_list":{"0":"post-3958","1":"product","2":"type-product","3":"status-publish","4":"has-post-thumbnail","6":"product_cat-linea-atasdet-es","7":"product_cat-linea-red-ciclo-alternativo","9":"first","10":"instock","11":"shipping-taxable","12":"product-type-variable"},"acf":[],"_links":{"self":[{"href":"https:\/\/www.atassrl.it\/es\/wp-json\/wp\/v2\/product\/3958","targetHints":{"allow":["GET"]}}],"collection":[{"href":"https:\/\/www.atassrl.it\/es\/wp-json\/wp\/v2\/product"}],"about":[{"href":"https:\/\/www.atassrl.it\/es\/wp-json\/wp\/v2\/types\/product"}],"wp:featuredmedia":[{"embeddable":true,"href":"https:\/\/www.atassrl.it\/es\/wp-json\/wp\/v2\/media\/7633"}],"wp:attachment":[{"href":"https:\/\/www.atassrl.it\/es\/wp-json\/wp\/v2\/media?parent=3958"}],"wp:term":[{"taxonomy":"product_brand","embeddable":true,"href":"https:\/\/www.atassrl.it\/es\/wp-json\/wp\/v2\/product_brand?post=3958"},{"taxonomy":"product_cat","embeddable":true,"href":"https:\/\/www.atassrl.it\/es\/wp-json\/wp\/v2\/product_cat?post=3958"},{"taxonomy":"product_tag","embeddable":true,"href":"https:\/\/www.atassrl.it\/es\/wp-json\/wp\/v2\/product_tag?post=3958"}],"curies":[{"name":"wp","href":"https:\/\/api.w.org\/{rel}","templated":true}]}}