{"id":3964,"date":"2019-07-11T15:18:05","date_gmt":"2019-07-11T13:18:05","guid":{"rendered":"http:\/\/atas.devsrvr.net\/prodotto\/hydrorep-2\/"},"modified":"2022-08-01T17:44:04","modified_gmt":"2022-08-01T15:44:04","slug":"hydrorep-2","status":"publish","type":"product","link":"https:\/\/www.atassrl.it\/es\/prodotto\/hydrorep-2\/","title":{"rendered":"HYDROREP"},"content":{"rendered":"<div class=\"page\" title=\"Page 34\">\n<div class=\"section\">\n<div class=\"layoutArea\">\n<div class=\"column\">\n<p style=\"font-weight: 400;\">Formulaci\u00f3n especial de triple acci\u00f3n para ser utilizada despu\u00e9s de cada lavado de auto. Acelera la fase de secado y, al mismo tiempo, pule la pintura protegi\u00e9ndola de los agentes atmosf\u00e9ricos. Apto para todo tipo de pintura, se puede utilizar como abrillantador sobre carrocer\u00edas limpias y secas. R\u00e1pido, eficaz y duradero, es una verdadera garant\u00eda para el mantenimiento del autom\u00f3vil.<\/p>\n<\/div>\n<\/div>\n<\/div>\n<\/div>\n","protected":false},"excerpt":{"rendered":"<div class=\"page\" title=\"Page 34\">\n<div class=\"section\">\n<div class=\"layoutArea\">\n<div class=\"column\">\n<div><span lang=\"ES\">AGENTE DRENANTE Y PULIDO<\/span><\/div>\n<\/div>\n<\/div>\n<\/div>\n<\/div>\n","protected":false},"featured_media":3440,"template":"","meta":{"_acf_changed":false,"_seopress_robots_primary_cat":"","_seopress_titles_title":"","_seopress_titles_desc":"","_seopress_robots_index":"","_seopress_analysis_target_kw":""},"product_brand":[],"product_cat":[273,820,826],"product_tag":[],"class_list":{"0":"post-3964","1":"product","2":"type-product","3":"status-publish","4":"has-post-thumbnail","6":"product_cat-linea-atasdet-es","7":"product_cat-pulimento","8":"product_cat-pulimentos-externos","10":"first","11":"instock","12":"shipping-taxable","13":"product-type-variable"},"acf":[],"_links":{"self":[{"href":"https:\/\/www.atassrl.it\/es\/wp-json\/wp\/v2\/product\/3964","targetHints":{"allow":["GET"]}}],"collection":[{"href":"https:\/\/www.atassrl.it\/es\/wp-json\/wp\/v2\/product"}],"about":[{"href":"https:\/\/www.atassrl.it\/es\/wp-json\/wp\/v2\/types\/product"}],"wp:featuredmedia":[{"embeddable":true,"href":"https:\/\/www.atassrl.it\/es\/wp-json\/wp\/v2\/media\/3440"}],"wp:attachment":[{"href":"https:\/\/www.atassrl.it\/es\/wp-json\/wp\/v2\/media?parent=3964"}],"wp:term":[{"taxonomy":"product_brand","embeddable":true,"href":"https:\/\/www.atassrl.it\/es\/wp-json\/wp\/v2\/product_brand?post=3964"},{"taxonomy":"product_cat","embeddable":true,"href":"https:\/\/www.atassrl.it\/es\/wp-json\/wp\/v2\/product_cat?post=3964"},{"taxonomy":"product_tag","embeddable":true,"href":"https:\/\/www.atassrl.it\/es\/wp-json\/wp\/v2\/product_tag?post=3964"}],"curies":[{"name":"wp","href":"https:\/\/api.w.org\/{rel}","templated":true}]}}