{"id":3976,"date":"2019-07-11T15:22:31","date_gmt":"2019-07-11T13:22:31","guid":{"rendered":"http:\/\/atas.devsrvr.net\/prodotto\/polishat\/"},"modified":"2022-08-01T17:14:38","modified_gmt":"2022-08-01T15:14:38","slug":"polishat","status":"publish","type":"product","link":"https:\/\/www.atassrl.it\/es\/prodotto\/polishat\/","title":{"rendered":"POLISHAT"},"content":{"rendered":"<div class=\"page\" title=\"Page 34\">\n<div class=\"section\">\n<div class=\"layoutArea\">\n<div class=\"column\">\n<p style=\"font-weight: 400;\">Producto concentrado a base de pol\u00edmeros especiales que asegura un \u00abefecto espejo\u00bb garantizado. Deja una pel\u00edcula protectora antiest\u00e1tica invisible sobre la pintura que ralentiza el redep\u00f3sito de la suciedad. Espec\u00edfico para sistemas de lavado equipados con el \u00abprograma de pulido\u00bb adecuado con cepillos de tela o carlite, hace que el autom\u00f3vil tratado brille sin engrasar.<\/p>\n<\/div>\n<\/div>\n<\/div>\n<\/div>\n","protected":false},"excerpt":{"rendered":"<div class=\"page\" title=\"Page 34\">\n<div class=\"section\">\n<div class=\"layoutArea\">\n<div class=\"column\">\n<div><span lang=\"ES\">AGENTE DE PULIDO PROTECTOR<\/span><\/div>\n<\/div>\n<\/div>\n<\/div>\n<\/div>\n","protected":false},"featured_media":3492,"template":"","meta":{"_acf_changed":false,"_seopress_robots_primary_cat":"","_seopress_titles_title":"","_seopress_titles_desc":"","_seopress_robots_index":"","_seopress_analysis_target_kw":""},"product_brand":[],"product_cat":[273,820],"product_tag":[],"class_list":{"0":"post-3976","1":"product","2":"type-product","3":"status-publish","4":"has-post-thumbnail","6":"product_cat-linea-atasdet-es","7":"product_cat-pulimento","9":"first","10":"instock","11":"shipping-taxable","12":"product-type-variable"},"acf":[],"_links":{"self":[{"href":"https:\/\/www.atassrl.it\/es\/wp-json\/wp\/v2\/product\/3976","targetHints":{"allow":["GET"]}}],"collection":[{"href":"https:\/\/www.atassrl.it\/es\/wp-json\/wp\/v2\/product"}],"about":[{"href":"https:\/\/www.atassrl.it\/es\/wp-json\/wp\/v2\/types\/product"}],"wp:featuredmedia":[{"embeddable":true,"href":"https:\/\/www.atassrl.it\/es\/wp-json\/wp\/v2\/media\/3492"}],"wp:attachment":[{"href":"https:\/\/www.atassrl.it\/es\/wp-json\/wp\/v2\/media?parent=3976"}],"wp:term":[{"taxonomy":"product_brand","embeddable":true,"href":"https:\/\/www.atassrl.it\/es\/wp-json\/wp\/v2\/product_brand?post=3976"},{"taxonomy":"product_cat","embeddable":true,"href":"https:\/\/www.atassrl.it\/es\/wp-json\/wp\/v2\/product_cat?post=3976"},{"taxonomy":"product_tag","embeddable":true,"href":"https:\/\/www.atassrl.it\/es\/wp-json\/wp\/v2\/product_tag?post=3976"}],"curies":[{"name":"wp","href":"https:\/\/api.w.org\/{rel}","templated":true}]}}