{"id":3982,"date":"2019-07-18T15:31:49","date_gmt":"2019-07-18T13:31:49","guid":{"rendered":"http:\/\/atas.devsrvr.net\/prodotto\/plak-2\/"},"modified":"2022-08-01T18:01:21","modified_gmt":"2022-08-01T16:01:21","slug":"plak-2","status":"publish","type":"product","link":"https:\/\/www.atassrl.it\/es\/prodotto\/plak-2\/","title":{"rendered":"PLAK 2"},"content":{"rendered":"<div class=\"page\" title=\"Page 36\">\n<div class=\"section\">\n<div class=\"layoutArea\">\n<div class=\"column\">\n<p style=\"font-weight: 400;\">Con un alto contenido en ceras naturales y siliconas, limpia, pule y protege sin engrasar superficies de pl\u00e1stico como salpicaderos, parachoques, fascias y tambi\u00e9n madera y m\u00e1rmol. Su efecto antiest\u00e1tico repele el polvo. Usar como es. Tambi\u00e9n disponible en la versi\u00f3n \u201cPLAK 2 LK\u201d con menos activo.<\/p>\n<\/div>\n<\/div>\n<\/div>\n<\/div>\n","protected":false},"excerpt":{"rendered":"<div class=\"page\" title=\"Page 36\">\n<div class=\"section\">\n<div class=\"layoutArea\">\n<div class=\"column\">\n<div><span lang=\"ES\">ABRILLANTADOR L\u00cdQUIDO AL AGUA<\/span><\/div>\n<\/div>\n<\/div>\n<\/div>\n<\/div>\n","protected":false},"featured_media":3483,"template":"","meta":{"_acf_changed":false,"_seopress_robots_primary_cat":"","_seopress_titles_title":"","_seopress_titles_desc":"","_seopress_robots_index":"","_seopress_analysis_target_kw":""},"product_brand":[],"product_cat":[816,273,830],"product_tag":[],"class_list":{"0":"post-3982","1":"product","2":"type-product","3":"status-publish","4":"has-post-thumbnail","6":"product_cat-limpiador-de-exteriores","7":"product_cat-linea-atasdet-es","8":"product_cat-pulimentos-internos","10":"first","11":"instock","12":"shipping-taxable","13":"product-type-variable"},"acf":[],"_links":{"self":[{"href":"https:\/\/www.atassrl.it\/es\/wp-json\/wp\/v2\/product\/3982","targetHints":{"allow":["GET"]}}],"collection":[{"href":"https:\/\/www.atassrl.it\/es\/wp-json\/wp\/v2\/product"}],"about":[{"href":"https:\/\/www.atassrl.it\/es\/wp-json\/wp\/v2\/types\/product"}],"wp:featuredmedia":[{"embeddable":true,"href":"https:\/\/www.atassrl.it\/es\/wp-json\/wp\/v2\/media\/3483"}],"wp:attachment":[{"href":"https:\/\/www.atassrl.it\/es\/wp-json\/wp\/v2\/media?parent=3982"}],"wp:term":[{"taxonomy":"product_brand","embeddable":true,"href":"https:\/\/www.atassrl.it\/es\/wp-json\/wp\/v2\/product_brand?post=3982"},{"taxonomy":"product_cat","embeddable":true,"href":"https:\/\/www.atassrl.it\/es\/wp-json\/wp\/v2\/product_cat?post=3982"},{"taxonomy":"product_tag","embeddable":true,"href":"https:\/\/www.atassrl.it\/es\/wp-json\/wp\/v2\/product_tag?post=3982"}],"curies":[{"name":"wp","href":"https:\/\/api.w.org\/{rel}","templated":true}]}}