{"id":3988,"date":"2019-07-11T15:29:27","date_gmt":"2019-07-11T13:29:27","guid":{"rendered":"http:\/\/atas.devsrvr.net\/prodotto\/fasco-2\/"},"modified":"2022-08-01T18:06:15","modified_gmt":"2022-08-01T16:06:15","slug":"fasco-2","status":"publish","type":"product","link":"https:\/\/www.atassrl.it\/es\/prodotto\/fasco-2\/","title":{"rendered":"FASCO"},"content":{"rendered":"<div class=\"page\" title=\"Page 36\">\n<div class=\"section\">\n<div class=\"layoutArea\">\n<div class=\"column\">\n<p style=\"font-weight: 400;\">A base de sustancias abrillantadoras especiales de f\u00e1cil aplicaci\u00f3n, renueva, abrillanta y revive las partes pl\u00e1sticas exteriores de coches, campers y furgonetas sin engrasar. De larga duraci\u00f3n, resiste los lavados. Se aplica con pulverizador o esponja. Usar como es.<\/p>\n<\/div>\n<\/div>\n<\/div>\n<\/div>\n","protected":false},"excerpt":{"rendered":"<div class=\"page\" title=\"Page 36\">\n<div class=\"section\">\n<div class=\"layoutArea\">\n<div class=\"column\">\n<div><span lang=\"ES\">AGENTE REVIVIENTE PARA BANDAS DE PL\u00c1STICO Y SPOILERS<\/span><\/div>\n<\/div>\n<\/div>\n<\/div>\n<\/div>\n","protected":false},"featured_media":3435,"template":"","meta":{"_acf_changed":false,"_seopress_robots_primary_cat":"","_seopress_titles_title":"","_seopress_titles_desc":"","_seopress_robots_index":"","_seopress_analysis_target_kw":""},"product_brand":[],"product_cat":[816,273,826],"product_tag":[],"class_list":{"0":"post-3988","1":"product","2":"type-product","3":"status-publish","4":"has-post-thumbnail","6":"product_cat-limpiador-de-exteriores","7":"product_cat-linea-atasdet-es","8":"product_cat-pulimentos-externos","10":"first","11":"instock","12":"shipping-taxable","13":"product-type-variable"},"acf":[],"_links":{"self":[{"href":"https:\/\/www.atassrl.it\/es\/wp-json\/wp\/v2\/product\/3988","targetHints":{"allow":["GET"]}}],"collection":[{"href":"https:\/\/www.atassrl.it\/es\/wp-json\/wp\/v2\/product"}],"about":[{"href":"https:\/\/www.atassrl.it\/es\/wp-json\/wp\/v2\/types\/product"}],"wp:featuredmedia":[{"embeddable":true,"href":"https:\/\/www.atassrl.it\/es\/wp-json\/wp\/v2\/media\/3435"}],"wp:attachment":[{"href":"https:\/\/www.atassrl.it\/es\/wp-json\/wp\/v2\/media?parent=3988"}],"wp:term":[{"taxonomy":"product_brand","embeddable":true,"href":"https:\/\/www.atassrl.it\/es\/wp-json\/wp\/v2\/product_brand?post=3988"},{"taxonomy":"product_cat","embeddable":true,"href":"https:\/\/www.atassrl.it\/es\/wp-json\/wp\/v2\/product_cat?post=3988"},{"taxonomy":"product_tag","embeddable":true,"href":"https:\/\/www.atassrl.it\/es\/wp-json\/wp\/v2\/product_tag?post=3988"}],"curies":[{"name":"wp","href":"https:\/\/api.w.org\/{rel}","templated":true}]}}