{"id":4704,"date":"2019-07-11T15:39:31","date_gmt":"2019-07-11T13:39:31","guid":{"rendered":"http:\/\/atas.devsrvr.net\/prodotto\/plak-3\/"},"modified":"2022-08-01T17:58:21","modified_gmt":"2022-08-01T15:58:21","slug":"plak-3","status":"publish","type":"product","link":"https:\/\/www.atassrl.it\/es\/prodotto\/plak-3\/","title":{"rendered":"PLAK"},"content":{"rendered":"<div class=\"page\" title=\"Page 37\">\n<div class=\"section\">\n<div class=\"layoutArea\">\n<div class=\"column\">\n<div><span lang=\"ES\">Producto de alta calidad, a base de siliconas especiales, que pule y protege salpicaderos e interiores de autom\u00f3viles en pl\u00e1stico, madera y cuero vin\u00edlico. De larga duraci\u00f3n y f\u00e1cil aplicaci\u00f3n, su acci\u00f3n antiest\u00e1tica repele el polvo y retrasa el envejecimiento de las partes tratadas. Tambi\u00e9n recomendado para pulir muebles y superficies de m\u00e1rmol o caucho.<\/span><\/div>\n<\/div>\n<\/div>\n<\/div>\n<\/div>\n","protected":false},"excerpt":{"rendered":"<div class=\"page\" title=\"Page 37\">\n<div class=\"section\">\n<div class=\"layoutArea\">\n<div class=\"column\">\n<p>ABRILLANTADOR SILICONADO<\/p>\n<\/div>\n<\/div>\n<\/div>\n<\/div>\n","protected":false},"featured_media":7618,"template":"","meta":{"_acf_changed":false,"_seopress_robots_primary_cat":"","_seopress_titles_title":"","_seopress_titles_desc":"","_seopress_robots_index":"","_seopress_analysis_target_kw":""},"product_brand":[],"product_cat":[816,273,830],"product_tag":[],"class_list":{"0":"post-4704","1":"product","2":"type-product","3":"status-publish","4":"has-post-thumbnail","6":"product_cat-limpiador-de-exteriores","7":"product_cat-linea-atasdet-es","8":"product_cat-pulimentos-internos","10":"first","11":"instock","12":"shipping-taxable","13":"product-type-simple"},"acf":[],"_links":{"self":[{"href":"https:\/\/www.atassrl.it\/es\/wp-json\/wp\/v2\/product\/4704","targetHints":{"allow":["GET"]}}],"collection":[{"href":"https:\/\/www.atassrl.it\/es\/wp-json\/wp\/v2\/product"}],"about":[{"href":"https:\/\/www.atassrl.it\/es\/wp-json\/wp\/v2\/types\/product"}],"wp:featuredmedia":[{"embeddable":true,"href":"https:\/\/www.atassrl.it\/es\/wp-json\/wp\/v2\/media\/7618"}],"wp:attachment":[{"href":"https:\/\/www.atassrl.it\/es\/wp-json\/wp\/v2\/media?parent=4704"}],"wp:term":[{"taxonomy":"product_brand","embeddable":true,"href":"https:\/\/www.atassrl.it\/es\/wp-json\/wp\/v2\/product_brand?post=4704"},{"taxonomy":"product_cat","embeddable":true,"href":"https:\/\/www.atassrl.it\/es\/wp-json\/wp\/v2\/product_cat?post=4704"},{"taxonomy":"product_tag","embeddable":true,"href":"https:\/\/www.atassrl.it\/es\/wp-json\/wp\/v2\/product_tag?post=4704"}],"curies":[{"name":"wp","href":"https:\/\/api.w.org\/{rel}","templated":true}]}}