{"id":4773,"date":"2019-07-11T16:20:04","date_gmt":"2019-07-11T14:20:04","guid":{"rendered":"http:\/\/atas.devsrvr.net\/prodotto\/vinet-3\/"},"modified":"2022-08-02T10:02:52","modified_gmt":"2022-08-02T08:02:52","slug":"vinet-3","status":"publish","type":"product","link":"https:\/\/www.atassrl.it\/es\/prodotto\/vinet-3\/","title":{"rendered":"VINET"},"content":{"rendered":"<div class=\"page\" title=\"Page 43\">\n<div class=\"section\">\n<div class=\"layoutArea\">\n<div class=\"column\">\n<p style=\"font-weight: 400;\">Apto para los m\u00e1s variados usos con total seguridad y eficaz sobre cualquier tipo de suciedad org\u00e1nica e inorg\u00e1nica, este producto, gracias a su efecto higienizante, reaviva los colores y deja un agradable aroma. Es adecuado para interiores de autom\u00f3viles, pero tambi\u00e9n para bombas de gasolina y m\u00e1quinas herramienta, piezas peque\u00f1as de metal, filtros, capotas, suelos y superficies de madera, lacados, laminados, caucho, lin\u00f3leo, cuero vin\u00edlico, etc.<\/p>\n<\/div>\n<\/div>\n<\/div>\n<\/div>\n","protected":false},"excerpt":{"rendered":"<div class=\"page\" title=\"Page 43\">\n<div class=\"section\">\n<div class=\"layoutArea\">\n<div class=\"column\">\n<div><span lang=\"ES\">DETERGENTE L\u00cdQUIDO MULTIUSOS<\/span><\/div>\n<\/div>\n<\/div>\n<\/div>\n<\/div>\n","protected":false},"featured_media":3531,"template":"","meta":{"_acf_changed":false,"_seopress_robots_primary_cat":"","_seopress_titles_title":"","_seopress_titles_desc":"","_seopress_robots_index":"","_seopress_analysis_target_kw":""},"product_brand":[],"product_cat":[328,784,782,273],"product_tag":[],"class_list":{"0":"post-4773","1":"product","2":"type-product","3":"status-publish","4":"has-post-thumbnail","6":"product_cat-interiores-de-coches-es","7":"product_cat-limpiadores-de-interiores","8":"product_cat-limpiadores-exteriores","9":"product_cat-linea-atasdet-es","11":"first","12":"instock","13":"shipping-taxable","14":"product-type-variable"},"acf":[],"_links":{"self":[{"href":"https:\/\/www.atassrl.it\/es\/wp-json\/wp\/v2\/product\/4773","targetHints":{"allow":["GET"]}}],"collection":[{"href":"https:\/\/www.atassrl.it\/es\/wp-json\/wp\/v2\/product"}],"about":[{"href":"https:\/\/www.atassrl.it\/es\/wp-json\/wp\/v2\/types\/product"}],"wp:featuredmedia":[{"embeddable":true,"href":"https:\/\/www.atassrl.it\/es\/wp-json\/wp\/v2\/media\/3531"}],"wp:attachment":[{"href":"https:\/\/www.atassrl.it\/es\/wp-json\/wp\/v2\/media?parent=4773"}],"wp:term":[{"taxonomy":"product_brand","embeddable":true,"href":"https:\/\/www.atassrl.it\/es\/wp-json\/wp\/v2\/product_brand?post=4773"},{"taxonomy":"product_cat","embeddable":true,"href":"https:\/\/www.atassrl.it\/es\/wp-json\/wp\/v2\/product_cat?post=4773"},{"taxonomy":"product_tag","embeddable":true,"href":"https:\/\/www.atassrl.it\/es\/wp-json\/wp\/v2\/product_tag?post=4773"}],"curies":[{"name":"wp","href":"https:\/\/api.w.org\/{rel}","templated":true}]}}