{"id":4780,"date":"2019-07-11T16:22:25","date_gmt":"2019-07-11T14:22:25","guid":{"rendered":"http:\/\/atas.devsrvr.net\/prodotto\/pluri-2\/"},"modified":"2022-08-02T10:04:25","modified_gmt":"2022-08-02T08:04:25","slug":"pluri-2","status":"publish","type":"product","link":"https:\/\/www.atassrl.it\/es\/prodotto\/pluri-2\/","title":{"rendered":"PLURI"},"content":{"rendered":"<div class=\"page\" title=\"Page 43\">\n<div class=\"section\">\n<div class=\"layoutArea\">\n<div class=\"column\">\n<p style=\"font-weight: 400;\">Detergente alcalino de alta concentraci\u00f3n indicado para la limpieza y desengrasado de superficies duras en general. Elimina eficazmente y en profundidad los residuos de aceite, lodos, holl\u00edn, smog y residuos de combustible. Se puede utilizar para suelos, piezas mec\u00e1nicas, herramientas, campanas y filtros de cocina, interiores y exteriores de autom\u00f3viles, llantas, muebles de jard\u00edn, persianas enrollables, etc.<\/p>\n<\/div>\n<\/div>\n<\/div>\n<\/div>\n","protected":false},"excerpt":{"rendered":"<div class=\"page\" title=\"Page 43\">\n<div class=\"section\">\n<div class=\"layoutArea\">\n<div class=\"column\">\n<div><span lang=\"ES\">DESENGRASANTE FUERTE<\/span><\/div>\n<\/div>\n<\/div>\n<\/div>\n<\/div>\n","protected":false},"featured_media":3486,"template":"","meta":{"_acf_changed":false,"_seopress_robots_primary_cat":"","_seopress_titles_title":"","_seopress_titles_desc":"","_seopress_robots_index":"","_seopress_analysis_target_kw":""},"product_brand":[],"product_cat":[328,273,842],"product_tag":[862],"class_list":{"0":"post-4780","1":"product","2":"type-product","3":"status-publish","4":"has-post-thumbnail","6":"product_cat-interiores-de-coches-es","7":"product_cat-linea-atasdet-es","8":"product_cat-productos-para-talleres-de-carroceria","9":"product_tag-cuidado-de-exteriores","11":"first","12":"instock","13":"shipping-taxable","14":"product-type-variable"},"acf":[],"_links":{"self":[{"href":"https:\/\/www.atassrl.it\/es\/wp-json\/wp\/v2\/product\/4780","targetHints":{"allow":["GET"]}}],"collection":[{"href":"https:\/\/www.atassrl.it\/es\/wp-json\/wp\/v2\/product"}],"about":[{"href":"https:\/\/www.atassrl.it\/es\/wp-json\/wp\/v2\/types\/product"}],"wp:featuredmedia":[{"embeddable":true,"href":"https:\/\/www.atassrl.it\/es\/wp-json\/wp\/v2\/media\/3486"}],"wp:attachment":[{"href":"https:\/\/www.atassrl.it\/es\/wp-json\/wp\/v2\/media?parent=4780"}],"wp:term":[{"taxonomy":"product_brand","embeddable":true,"href":"https:\/\/www.atassrl.it\/es\/wp-json\/wp\/v2\/product_brand?post=4780"},{"taxonomy":"product_cat","embeddable":true,"href":"https:\/\/www.atassrl.it\/es\/wp-json\/wp\/v2\/product_cat?post=4780"},{"taxonomy":"product_tag","embeddable":true,"href":"https:\/\/www.atassrl.it\/es\/wp-json\/wp\/v2\/product_tag?post=4780"}],"curies":[{"name":"wp","href":"https:\/\/api.w.org\/{rel}","templated":true}]}}