{"id":4792,"date":"2019-07-11T16:34:04","date_gmt":"2019-07-11T14:34:04","guid":{"rendered":"http:\/\/atas.devsrvr.net\/prodotto\/pneubell-tsp\/"},"modified":"2022-08-02T10:11:54","modified_gmt":"2022-08-02T08:11:54","slug":"pneubell-tsp","status":"publish","type":"product","link":"https:\/\/www.atassrl.it\/es\/prodotto\/pneubell-tsp\/","title":{"rendered":"PNEUBELL TSP"},"content":{"rendered":"<div class=\"page\" title=\"Page 45\">\n<div class=\"section\">\n<div class=\"layoutArea\">\n<div class=\"column\">\n<p style=\"font-weight: 400;\">Un verdadero tratamiento de belleza para los neum\u00e1ticos: revive y pule en una sola operaci\u00f3n. Gracias a los emolientes especiales de alta calidad que contiene, evita el agrietamiento aumentando la vida \u00fatil de la goma. Autosecante, no graso y no sucio. Tambi\u00e9n es adecuado para sistemas autom\u00e1ticos.<\/p>\n<\/div>\n<\/div>\n<\/div>\n<\/div>\n","protected":false},"excerpt":{"rendered":"<div class=\"page\" title=\"Page 45\">\n<div class=\"section\">\n<div class=\"layoutArea\">\n<div class=\"column\">\n<p style=\"font-weight: 400;\">RENOVADOR DE NEUM\u00c1TICOS EXTRA<\/p>\n<\/div>\n<\/div>\n<\/div>\n<\/div>\n","protected":false},"featured_media":3491,"template":"","meta":{"_acf_changed":false,"_seopress_robots_primary_cat":"","_seopress_titles_title":"","_seopress_titles_desc":"","_seopress_robots_index":"","_seopress_analysis_target_kw":""},"product_brand":[],"product_cat":[273,788,411],"product_tag":[],"class_list":{"0":"post-4792","1":"product","2":"type-product","3":"status-publish","4":"has-post-thumbnail","6":"product_cat-linea-atasdet-es","7":"product_cat-neumaticos-y-llantas","8":"product_cat-revividores-de-neumaticos","10":"first","11":"instock","12":"shipping-taxable","13":"product-type-variable"},"acf":[],"_links":{"self":[{"href":"https:\/\/www.atassrl.it\/es\/wp-json\/wp\/v2\/product\/4792","targetHints":{"allow":["GET"]}}],"collection":[{"href":"https:\/\/www.atassrl.it\/es\/wp-json\/wp\/v2\/product"}],"about":[{"href":"https:\/\/www.atassrl.it\/es\/wp-json\/wp\/v2\/types\/product"}],"wp:featuredmedia":[{"embeddable":true,"href":"https:\/\/www.atassrl.it\/es\/wp-json\/wp\/v2\/media\/3491"}],"wp:attachment":[{"href":"https:\/\/www.atassrl.it\/es\/wp-json\/wp\/v2\/media?parent=4792"}],"wp:term":[{"taxonomy":"product_brand","embeddable":true,"href":"https:\/\/www.atassrl.it\/es\/wp-json\/wp\/v2\/product_brand?post=4792"},{"taxonomy":"product_cat","embeddable":true,"href":"https:\/\/www.atassrl.it\/es\/wp-json\/wp\/v2\/product_cat?post=4792"},{"taxonomy":"product_tag","embeddable":true,"href":"https:\/\/www.atassrl.it\/es\/wp-json\/wp\/v2\/product_tag?post=4792"}],"curies":[{"name":"wp","href":"https:\/\/api.w.org\/{rel}","templated":true}]}}