{"id":4831,"date":"2019-07-11T16:50:17","date_gmt":"2019-07-11T14:50:17","guid":{"rendered":"http:\/\/atas.devsrvr.net\/prodotto\/tanner\/"},"modified":"2022-08-02T11:37:32","modified_gmt":"2022-08-02T09:37:32","slug":"tanner","status":"publish","type":"product","link":"https:\/\/www.atassrl.it\/es\/prodotto\/tanner\/","title":{"rendered":"TANNER"},"content":{"rendered":"<div class=\"page\" title=\"Page 47\">\n<div class=\"section\">\n<div class=\"layoutArea\">\n<div class=\"column\">\n<p style=\"font-weight: 400;\">Versi\u00f3n m\u00e1s concentrada, de reciente formulaci\u00f3n, es apta para la limpieza incluso de llantas pintadas. Elimina la p\u00e1tina que desprenden las pastillas de freno e incluso la suciedad vieja. Tambi\u00e9n es adecuado para la eliminaci\u00f3n de incrustaciones salinas en la temporada de invierno.<\/p>\n<\/div>\n<\/div>\n<\/div>\n<\/div>\n","protected":false},"excerpt":{"rendered":"<div class=\"page\" title=\"Page 47\">\n<div class=\"section\">\n<div class=\"layoutArea\">\n<div class=\"column\">\n<div><span lang=\"ES\">LAVADO DE LLANTAS ALCALINO CONCENTRADO<\/span><\/div>\n<\/div>\n<\/div>\n<\/div>\n<\/div>\n","protected":false},"featured_media":3518,"template":"","meta":{"_acf_changed":false,"_seopress_robots_primary_cat":"","_seopress_titles_title":"","_seopress_titles_desc":"","_seopress_robots_index":"","_seopress_analysis_target_kw":""},"product_brand":[],"product_cat":[812,273],"product_tag":[],"class_list":{"0":"post-4831","1":"product","2":"type-product","3":"status-publish","4":"has-post-thumbnail","6":"product_cat-limpia-llantas","7":"product_cat-linea-atasdet-es","9":"first","10":"instock","11":"shipping-taxable","12":"product-type-variable"},"acf":[],"_links":{"self":[{"href":"https:\/\/www.atassrl.it\/es\/wp-json\/wp\/v2\/product\/4831","targetHints":{"allow":["GET"]}}],"collection":[{"href":"https:\/\/www.atassrl.it\/es\/wp-json\/wp\/v2\/product"}],"about":[{"href":"https:\/\/www.atassrl.it\/es\/wp-json\/wp\/v2\/types\/product"}],"wp:featuredmedia":[{"embeddable":true,"href":"https:\/\/www.atassrl.it\/es\/wp-json\/wp\/v2\/media\/3518"}],"wp:attachment":[{"href":"https:\/\/www.atassrl.it\/es\/wp-json\/wp\/v2\/media?parent=4831"}],"wp:term":[{"taxonomy":"product_brand","embeddable":true,"href":"https:\/\/www.atassrl.it\/es\/wp-json\/wp\/v2\/product_brand?post=4831"},{"taxonomy":"product_cat","embeddable":true,"href":"https:\/\/www.atassrl.it\/es\/wp-json\/wp\/v2\/product_cat?post=4831"},{"taxonomy":"product_tag","embeddable":true,"href":"https:\/\/www.atassrl.it\/es\/wp-json\/wp\/v2\/product_tag?post=4831"}],"curies":[{"name":"wp","href":"https:\/\/api.w.org\/{rel}","templated":true}]}}