{"id":4847,"date":"2019-07-11T16:56:29","date_gmt":"2019-07-11T14:56:29","guid":{"rendered":"http:\/\/atas.devsrvr.net\/prodotto\/a-s-t-1511\/"},"modified":"2022-08-03T10:30:23","modified_gmt":"2022-08-03T08:30:23","slug":"a-s-t-1511","status":"publish","type":"product","link":"https:\/\/www.atassrl.it\/es\/prodotto\/a-s-t-1511\/","title":{"rendered":"A.S.T. 1511"},"content":{"rendered":"<div class=\"page\" title=\"Page 49\">\n<div class=\"section\">\n<div class=\"layoutArea\">\n<div class=\"column\">\n<p style=\"font-weight: 400;\">Rico en emulsionantes biodegradables especiales, asegura una eliminaci\u00f3n total de las ceras de parafina sin dejar residuos. Apto para cualquier tipo de coche, no altera pl\u00e1sticos y gomas. Para ser utilizado manualmente con un guante o una esponja. Despu\u00e9s de la aplicaci\u00f3n, dejar actuar durante varios minutos. Producto inodoro. Para operaciones de acabado, est\u00e1 disponible la versi\u00f3n \u201cAST RFN\u201d.<\/p>\n<\/div>\n<\/div>\n<\/div>\n<\/div>\n","protected":false},"excerpt":{"rendered":"<div class=\"page\" title=\"Page 49\">\n<div class=\"section\">\n<div class=\"layoutArea\">\n<div class=\"column\">\n<p style=\"font-weight: 400;\">AGENTE DESCERATIVO PARA PEL\u00cdCULA PROTECTORA PARAF\u00cdNICA<\/p>\n<\/div>\n<\/div>\n<\/div>\n<\/div>\n","protected":false},"featured_media":3354,"template":"","meta":{"_acf_changed":false,"_seopress_robots_primary_cat":"","_seopress_titles_title":"","_seopress_titles_desc":"","_seopress_robots_index":"","_seopress_analysis_target_kw":""},"product_brand":[],"product_cat":[273,298],"product_tag":[],"class_list":{"0":"post-4847","1":"product","2":"type-product","3":"status-publish","4":"has-post-thumbnail","6":"product_cat-linea-atasdet-es","7":"product_cat-removedores-de-cera","9":"first","10":"instock","11":"shipping-taxable","12":"product-type-variable"},"acf":[],"_links":{"self":[{"href":"https:\/\/www.atassrl.it\/es\/wp-json\/wp\/v2\/product\/4847","targetHints":{"allow":["GET"]}}],"collection":[{"href":"https:\/\/www.atassrl.it\/es\/wp-json\/wp\/v2\/product"}],"about":[{"href":"https:\/\/www.atassrl.it\/es\/wp-json\/wp\/v2\/types\/product"}],"wp:featuredmedia":[{"embeddable":true,"href":"https:\/\/www.atassrl.it\/es\/wp-json\/wp\/v2\/media\/3354"}],"wp:attachment":[{"href":"https:\/\/www.atassrl.it\/es\/wp-json\/wp\/v2\/media?parent=4847"}],"wp:term":[{"taxonomy":"product_brand","embeddable":true,"href":"https:\/\/www.atassrl.it\/es\/wp-json\/wp\/v2\/product_brand?post=4847"},{"taxonomy":"product_cat","embeddable":true,"href":"https:\/\/www.atassrl.it\/es\/wp-json\/wp\/v2\/product_cat?post=4847"},{"taxonomy":"product_tag","embeddable":true,"href":"https:\/\/www.atassrl.it\/es\/wp-json\/wp\/v2\/product_tag?post=4847"}],"curies":[{"name":"wp","href":"https:\/\/api.w.org\/{rel}","templated":true}]}}