{"id":4872,"date":"2019-07-11T17:06:55","date_gmt":"2019-07-11T15:06:55","guid":{"rendered":"http:\/\/atas.devsrvr.net\/prodotto\/a-s-t-1531-super-l-40\/"},"modified":"2022-08-03T10:53:16","modified_gmt":"2022-08-03T08:53:16","slug":"a-s-t-1531-super-l-40","status":"publish","type":"product","link":"https:\/\/www.atassrl.it\/es\/prodotto\/a-s-t-1531-super-l-40\/","title":{"rendered":"A.S.T. 1531 SUPER L 40"},"content":{"rendered":"<div class=\"page\" title=\"Page 49\">\n<div class=\"section\">\n<div class=\"layoutArea\">\n<div class=\"column\">\n<p style=\"font-weight: 400;\">Producto alcalino espec\u00edfico para la eliminaci\u00f3n de la pel\u00edcula acr\u00edlica protectora (caracterizada por un aspecto v\u00edtreo particularmente resistente) de los autom\u00f3viles nuevos. Versi\u00f3n altamente concentrada apta para revestimientos protectores con abundante presencia de resina y para coches de larga estancia. Contiene inhibidores que conservan pinturas y pl\u00e1sticos.<\/p>\n<\/div>\n<\/div>\n<\/div>\n<\/div>\n","protected":false},"excerpt":{"rendered":"<div class=\"page\" title=\"Page 49\">\n<div class=\"section\">\n<div class=\"layoutArea\">\n<div class=\"column\">\n<div><span lang=\"ES\">DESPARACERADOR DE COPOL\u00cdMERO<\/span><\/div>\n<\/div>\n<\/div>\n<\/div>\n<\/div>\n","protected":false},"featured_media":3358,"template":"","meta":{"_acf_changed":false,"_seopress_robots_primary_cat":"","_seopress_titles_title":"","_seopress_titles_desc":"","_seopress_robots_index":"","_seopress_analysis_target_kw":""},"product_brand":[],"product_cat":[273,298],"product_tag":[],"class_list":{"0":"post-4872","1":"product","2":"type-product","3":"status-publish","4":"has-post-thumbnail","6":"product_cat-linea-atasdet-es","7":"product_cat-removedores-de-cera","9":"first","10":"instock","11":"shipping-taxable","12":"product-type-variable"},"acf":[],"_links":{"self":[{"href":"https:\/\/www.atassrl.it\/es\/wp-json\/wp\/v2\/product\/4872","targetHints":{"allow":["GET"]}}],"collection":[{"href":"https:\/\/www.atassrl.it\/es\/wp-json\/wp\/v2\/product"}],"about":[{"href":"https:\/\/www.atassrl.it\/es\/wp-json\/wp\/v2\/types\/product"}],"wp:featuredmedia":[{"embeddable":true,"href":"https:\/\/www.atassrl.it\/es\/wp-json\/wp\/v2\/media\/3358"}],"wp:attachment":[{"href":"https:\/\/www.atassrl.it\/es\/wp-json\/wp\/v2\/media?parent=4872"}],"wp:term":[{"taxonomy":"product_brand","embeddable":true,"href":"https:\/\/www.atassrl.it\/es\/wp-json\/wp\/v2\/product_brand?post=4872"},{"taxonomy":"product_cat","embeddable":true,"href":"https:\/\/www.atassrl.it\/es\/wp-json\/wp\/v2\/product_cat?post=4872"},{"taxonomy":"product_tag","embeddable":true,"href":"https:\/\/www.atassrl.it\/es\/wp-json\/wp\/v2\/product_tag?post=4872"}],"curies":[{"name":"wp","href":"https:\/\/api.w.org\/{rel}","templated":true}]}}