{"id":4890,"date":"2019-07-11T17:21:21","date_gmt":"2019-07-11T15:21:21","guid":{"rendered":"http:\/\/atas.devsrvr.net\/prodotto\/clim-2\/"},"modified":"2022-08-03T11:03:57","modified_gmt":"2022-08-03T09:03:57","slug":"clim-2","status":"publish","type":"product","link":"https:\/\/www.atassrl.it\/es\/prodotto\/clim-2\/","title":{"rendered":"CLIM"},"content":{"rendered":"<div class=\"page\" title=\"Page 51\">\n<div class=\"section\">\n<div class=\"layoutArea\">\n<div class=\"column\">\n<p style=\"font-weight: 400;\">Soluci\u00f3n activa con alto poder humectante que, a trav\u00e9s de una suave espuma, limpia e higieniza el grupo frigor\u00edfico y los conductos de aire acondicionado de autom\u00f3viles, furgonetas y camiones. Elimina la suciedad, el smog y el moho, causantes de los malos olores, dejando una fragancia agradable y persistente. Tambi\u00e9n es adecuado para el saneamiento de aires acondicionados dom\u00e9sticos y de oficinas.<\/p>\n<\/div>\n<\/div>\n<\/div>\n<\/div>\n","protected":false},"excerpt":{"rendered":"<div class=\"page\" title=\"Page 51\">\n<div class=\"section\">\n<div class=\"layoutArea\">\n<div class=\"column\">\n<div><span lang=\"ES\">DETERGENTE HIGIENIZANTE PARA AIRE ACONDICIONADO<\/span><\/div>\n<\/div>\n<\/div>\n<\/div>\n<\/div>\n","protected":false},"featured_media":3456,"template":"","meta":{"_acf_changed":false,"_seopress_robots_primary_cat":"","_seopress_titles_title":"","_seopress_titles_desc":"","_seopress_robots_index":"","_seopress_analysis_target_kw":""},"product_brand":[],"product_cat":[273,379],"product_tag":[],"class_list":{"0":"post-4890","1":"product","2":"type-product","3":"status-publish","4":"has-post-thumbnail","6":"product_cat-linea-atasdet-es","7":"product_cat-usos-especlficos","9":"first","10":"instock","11":"shipping-taxable","12":"product-type-variable"},"acf":[],"_links":{"self":[{"href":"https:\/\/www.atassrl.it\/es\/wp-json\/wp\/v2\/product\/4890","targetHints":{"allow":["GET"]}}],"collection":[{"href":"https:\/\/www.atassrl.it\/es\/wp-json\/wp\/v2\/product"}],"about":[{"href":"https:\/\/www.atassrl.it\/es\/wp-json\/wp\/v2\/types\/product"}],"wp:featuredmedia":[{"embeddable":true,"href":"https:\/\/www.atassrl.it\/es\/wp-json\/wp\/v2\/media\/3456"}],"wp:attachment":[{"href":"https:\/\/www.atassrl.it\/es\/wp-json\/wp\/v2\/media?parent=4890"}],"wp:term":[{"taxonomy":"product_brand","embeddable":true,"href":"https:\/\/www.atassrl.it\/es\/wp-json\/wp\/v2\/product_brand?post=4890"},{"taxonomy":"product_cat","embeddable":true,"href":"https:\/\/www.atassrl.it\/es\/wp-json\/wp\/v2\/product_cat?post=4890"},{"taxonomy":"product_tag","embeddable":true,"href":"https:\/\/www.atassrl.it\/es\/wp-json\/wp\/v2\/product_tag?post=4890"}],"curies":[{"name":"wp","href":"https:\/\/api.w.org\/{rel}","templated":true}]}}