{"id":4903,"date":"2019-07-11T17:34:07","date_gmt":"2019-07-11T15:34:07","guid":{"rendered":"http:\/\/atas.devsrvr.net\/prodotto\/precal\/"},"modified":"2022-08-03T11:12:05","modified_gmt":"2022-08-03T09:12:05","slug":"precal","status":"publish","type":"product","link":"https:\/\/www.atassrl.it\/es\/prodotto\/precal\/","title":{"rendered":"PRECAL"},"content":{"rendered":"<div class=\"page\" title=\"Page 52\">\n<div class=\"section\">\n<div class=\"layoutArea\">\n<div class=\"column\">\n<p style=\"font-weight: 400;\">Mezcla de secuestrantes particulares que, a\u00f1adidos al agua, inhiben la formaci\u00f3n de sales insolubles de cobre, zinc, calcio y magnesio, evitando as\u00ed la formaci\u00f3n de calizas. Utilizado peri\u00f3dicamente, mantiene en perfecto funcionamiento filtros, boquillas, intercambiadores de calor, serpentines de hidrolimpiadoras, lavadoras, lavavajillas, etc. Dosificar el producto seg\u00fan la dureza del agua, teniendo en cuenta que la dosis de 0,3 gramos\/litro reduce la dureza del agua en aproximadamente 1\u00b0F.<\/p>\n<\/div>\n<\/div>\n<\/div>\n<\/div>\n","protected":false},"excerpt":{"rendered":"<div class=\"page\" title=\"Page 52\">\n<div class=\"section\">\n<div class=\"layoutArea\">\n<div class=\"column\">\n<div><span lang=\"ES\">DESINCRUSTANTE PARA HIDROLIMPIADORAS DE ALTA PRESI\u00d3N<\/span><\/div>\n<\/div>\n<\/div>\n<\/div>\n<\/div>\n","protected":false},"featured_media":3495,"template":"","meta":{"_acf_changed":false,"_seopress_robots_primary_cat":"","_seopress_titles_title":"","_seopress_titles_desc":"","_seopress_robots_index":"","_seopress_analysis_target_kw":""},"product_brand":[],"product_cat":[273,379],"product_tag":[],"class_list":{"0":"post-4903","1":"product","2":"type-product","3":"status-publish","4":"has-post-thumbnail","6":"product_cat-linea-atasdet-es","7":"product_cat-usos-especlficos","9":"first","10":"instock","11":"shipping-taxable","12":"product-type-variable"},"acf":[],"_links":{"self":[{"href":"https:\/\/www.atassrl.it\/es\/wp-json\/wp\/v2\/product\/4903","targetHints":{"allow":["GET"]}}],"collection":[{"href":"https:\/\/www.atassrl.it\/es\/wp-json\/wp\/v2\/product"}],"about":[{"href":"https:\/\/www.atassrl.it\/es\/wp-json\/wp\/v2\/types\/product"}],"wp:featuredmedia":[{"embeddable":true,"href":"https:\/\/www.atassrl.it\/es\/wp-json\/wp\/v2\/media\/3495"}],"wp:attachment":[{"href":"https:\/\/www.atassrl.it\/es\/wp-json\/wp\/v2\/media?parent=4903"}],"wp:term":[{"taxonomy":"product_brand","embeddable":true,"href":"https:\/\/www.atassrl.it\/es\/wp-json\/wp\/v2\/product_brand?post=4903"},{"taxonomy":"product_cat","embeddable":true,"href":"https:\/\/www.atassrl.it\/es\/wp-json\/wp\/v2\/product_cat?post=4903"},{"taxonomy":"product_tag","embeddable":true,"href":"https:\/\/www.atassrl.it\/es\/wp-json\/wp\/v2\/product_tag?post=4903"}],"curies":[{"name":"wp","href":"https:\/\/api.w.org\/{rel}","templated":true}]}}