{"id":4957,"date":"2019-07-12T15:25:35","date_gmt":"2019-07-12T13:25:35","guid":{"rendered":"http:\/\/atas.devsrvr.net\/prodotto\/compat\/"},"modified":"2022-08-03T14:28:39","modified_gmt":"2022-08-03T12:28:39","slug":"compat","status":"publish","type":"product","link":"https:\/\/www.atassrl.it\/es\/prodotto\/compat\/","title":{"rendered":"COMPAT"},"content":{"rendered":"<div class=\"page\" title=\"Page 55\">\n<div class=\"section\">\n<div class=\"layoutArea\">\n<div class=\"column\">\n<p style=\"font-weight: 400;\">Producto l\u00edquido alcalino altamente concentrado, espec\u00edfico para la limpieza exterior e interior de compactadores. Elimina manchas de naturaleza org\u00e1nica e inorg\u00e1nica como grasas, aceites lubricantes, etc., sin dejar residuos. Tambi\u00e9n se puede utilizar para el lavado de contenedores utilizados para el reciclaje (vidrio, pl\u00e1stico, aluminio, arbustos), mediante el uso de unidades m\u00f3viles debidamente equipadas. Con un poder espumante reducido, se aclara f\u00e1cilmente y tambi\u00e9n se puede utilizar con un nebulizador.<\/p>\n<\/div>\n<\/div>\n<\/div>\n<\/div>\n","protected":false},"excerpt":{"rendered":"<div class=\"page\" title=\"Page 55\">\n<div class=\"section\">\n<div class=\"layoutArea\">\n<div class=\"column\">\n<div><span lang=\"ES\">DETERGENTE PARA COMPACTADORES<\/span><\/div>\n<\/div>\n<\/div>\n<\/div>\n<\/div>\n","protected":false},"featured_media":7674,"template":"","meta":{"_acf_changed":false,"_seopress_robots_primary_cat":"","_seopress_titles_title":"","_seopress_titles_desc":"","_seopress_robots_index":"","_seopress_analysis_target_kw":""},"product_brand":[],"product_cat":[401,273],"product_tag":[],"class_list":{"0":"post-4957","1":"product","2":"type-product","3":"status-publish","4":"has-post-thumbnail","6":"product_cat-cisternas-y-compactadores","7":"product_cat-linea-atasdet-es","9":"first","10":"instock","11":"shipping-taxable","12":"product-type-variable"},"acf":[],"_links":{"self":[{"href":"https:\/\/www.atassrl.it\/es\/wp-json\/wp\/v2\/product\/4957","targetHints":{"allow":["GET"]}}],"collection":[{"href":"https:\/\/www.atassrl.it\/es\/wp-json\/wp\/v2\/product"}],"about":[{"href":"https:\/\/www.atassrl.it\/es\/wp-json\/wp\/v2\/types\/product"}],"wp:featuredmedia":[{"embeddable":true,"href":"https:\/\/www.atassrl.it\/es\/wp-json\/wp\/v2\/media\/7674"}],"wp:attachment":[{"href":"https:\/\/www.atassrl.it\/es\/wp-json\/wp\/v2\/media?parent=4957"}],"wp:term":[{"taxonomy":"product_brand","embeddable":true,"href":"https:\/\/www.atassrl.it\/es\/wp-json\/wp\/v2\/product_brand?post=4957"},{"taxonomy":"product_cat","embeddable":true,"href":"https:\/\/www.atassrl.it\/es\/wp-json\/wp\/v2\/product_cat?post=4957"},{"taxonomy":"product_tag","embeddable":true,"href":"https:\/\/www.atassrl.it\/es\/wp-json\/wp\/v2\/product_tag?post=4957"}],"curies":[{"name":"wp","href":"https:\/\/api.w.org\/{rel}","templated":true}]}}