{"id":4964,"date":"2019-07-12T16:07:30","date_gmt":"2019-07-12T14:07:30","guid":{"rendered":"http:\/\/atas.devsrvr.net\/prodotto\/valer\/"},"modified":"2022-08-03T14:34:19","modified_gmt":"2022-08-03T12:34:19","slug":"valer","status":"publish","type":"product","link":"https:\/\/www.atassrl.it\/es\/prodotto\/valer\/","title":{"rendered":"VALER"},"content":{"rendered":"<div class=\"page\" title=\"Page 55\">\n<div class=\"section\">\n<div class=\"layoutArea\">\n<div class=\"column\">\n<p style=\"font-weight: 400;\">Dirigido al mantenimiento de sistemas y equipos de lavado de autos, tanques y contenedores de acero, vagones de ferrocarril. Elimina fuertes dep\u00f3sitos de cal y restos de oxidaci\u00f3n de las superficies de acero inoxidable, aluminio y plexigl\u00e1s sin da\u00f1arlas. Diluir con agua. El producto puro lleva el s\u00edmbolo t\u00f3xico, que desaparece si ya est\u00e1 diluido de 1 a 2. Tambi\u00e9n disponible en la versi\u00f3n \u201cF2\u201d con menos activo y la versi\u00f3n \u201cPF\u201d.<\/p>\n<\/div>\n<\/div>\n<\/div>\n<\/div>\n","protected":false},"excerpt":{"rendered":"<div class=\"page\" title=\"Page 55\">\n<div class=\"section\">\n<div class=\"layoutArea\">\n<div class=\"column\">\n<div><span lang=\"ES\">DESCALCIFICADOR<\/span><\/div>\n<\/div>\n<\/div>\n<\/div>\n<\/div>\n","protected":false},"featured_media":3526,"template":"","meta":{"_acf_changed":false,"_seopress_robots_primary_cat":"","_seopress_titles_title":"","_seopress_titles_desc":"","_seopress_robots_index":"","_seopress_analysis_target_kw":""},"product_brand":[],"product_cat":[401,273],"product_tag":[],"class_list":{"0":"post-4964","1":"product","2":"type-product","3":"status-publish","4":"has-post-thumbnail","6":"product_cat-cisternas-y-compactadores","7":"product_cat-linea-atasdet-es","9":"first","10":"instock","11":"shipping-taxable","12":"product-type-variable"},"acf":[],"_links":{"self":[{"href":"https:\/\/www.atassrl.it\/es\/wp-json\/wp\/v2\/product\/4964","targetHints":{"allow":["GET"]}}],"collection":[{"href":"https:\/\/www.atassrl.it\/es\/wp-json\/wp\/v2\/product"}],"about":[{"href":"https:\/\/www.atassrl.it\/es\/wp-json\/wp\/v2\/types\/product"}],"wp:featuredmedia":[{"embeddable":true,"href":"https:\/\/www.atassrl.it\/es\/wp-json\/wp\/v2\/media\/3526"}],"wp:attachment":[{"href":"https:\/\/www.atassrl.it\/es\/wp-json\/wp\/v2\/media?parent=4964"}],"wp:term":[{"taxonomy":"product_brand","embeddable":true,"href":"https:\/\/www.atassrl.it\/es\/wp-json\/wp\/v2\/product_brand?post=4964"},{"taxonomy":"product_cat","embeddable":true,"href":"https:\/\/www.atassrl.it\/es\/wp-json\/wp\/v2\/product_cat?post=4964"},{"taxonomy":"product_tag","embeddable":true,"href":"https:\/\/www.atassrl.it\/es\/wp-json\/wp\/v2\/product_tag?post=4964"}],"curies":[{"name":"wp","href":"https:\/\/api.w.org\/{rel}","templated":true}]}}