{"id":4976,"date":"2019-07-12T16:13:37","date_gmt":"2019-07-12T14:13:37","guid":{"rendered":"http:\/\/atas.devsrvr.net\/prodotto\/latex\/"},"modified":"2022-08-03T14:41:34","modified_gmt":"2022-08-03T12:41:34","slug":"latex","status":"publish","type":"product","link":"https:\/\/www.atassrl.it\/es\/prodotto\/latex\/","title":{"rendered":"LATEX"},"content":{"rendered":"<div class=\"page\" title=\"Page 56\">\n<div class=\"section\">\n<div class=\"layoutArea\">\n<div class=\"column\">\n<p style=\"font-weight: 400;\">Producto concentrado con pH neutro, formulado espec\u00edficamente para la limpieza interna de tanques y contenedores en general, utilizados para el transporte o almacenamiento de dispersiones acuosas de \u00e9steres acr\u00edlicos y copol\u00edmeros estir\u00e9nicos (l\u00e1tex), grasas y aceites de alta viscosidad. Gracias a su alta viscosidad, se adhiere tenazmente incluso a las superficies verticales, aumentando el tiempo de contacto, suavizando y solubilizando incluso los residuos parcialmente secos.<\/p>\n<\/div>\n<\/div>\n<\/div>\n<\/div>\n","protected":false},"excerpt":{"rendered":"<div class=\"page\" title=\"Page 56\">\n<div class=\"section\">\n<div class=\"layoutArea\">\n<div class=\"column\">\n<div><span lang=\"ES\">DETERGENTE PARA TANQUES<\/span><\/div>\n<\/div>\n<\/div>\n<\/div>\n<\/div>\n","protected":false},"featured_media":3463,"template":"","meta":{"_acf_changed":false,"_seopress_robots_primary_cat":"","_seopress_titles_title":"","_seopress_titles_desc":"","_seopress_robots_index":"","_seopress_analysis_target_kw":""},"product_brand":[],"product_cat":[401,273],"product_tag":[],"class_list":{"0":"post-4976","1":"product","2":"type-product","3":"status-publish","4":"has-post-thumbnail","6":"product_cat-cisternas-y-compactadores","7":"product_cat-linea-atasdet-es","9":"first","10":"instock","11":"shipping-taxable","12":"product-type-variable"},"acf":[],"_links":{"self":[{"href":"https:\/\/www.atassrl.it\/es\/wp-json\/wp\/v2\/product\/4976","targetHints":{"allow":["GET"]}}],"collection":[{"href":"https:\/\/www.atassrl.it\/es\/wp-json\/wp\/v2\/product"}],"about":[{"href":"https:\/\/www.atassrl.it\/es\/wp-json\/wp\/v2\/types\/product"}],"wp:featuredmedia":[{"embeddable":true,"href":"https:\/\/www.atassrl.it\/es\/wp-json\/wp\/v2\/media\/3463"}],"wp:attachment":[{"href":"https:\/\/www.atassrl.it\/es\/wp-json\/wp\/v2\/media?parent=4976"}],"wp:term":[{"taxonomy":"product_brand","embeddable":true,"href":"https:\/\/www.atassrl.it\/es\/wp-json\/wp\/v2\/product_brand?post=4976"},{"taxonomy":"product_cat","embeddable":true,"href":"https:\/\/www.atassrl.it\/es\/wp-json\/wp\/v2\/product_cat?post=4976"},{"taxonomy":"product_tag","embeddable":true,"href":"https:\/\/www.atassrl.it\/es\/wp-json\/wp\/v2\/product_tag?post=4976"}],"curies":[{"name":"wp","href":"https:\/\/api.w.org\/{rel}","templated":true}]}}