{"id":4994,"date":"2019-07-12T16:24:28","date_gmt":"2019-07-12T14:24:28","guid":{"rendered":"http:\/\/atas.devsrvr.net\/prodotto\/sarnif\/"},"modified":"2022-08-03T15:26:19","modified_gmt":"2022-08-03T13:26:19","slug":"sarnif","status":"publish","type":"product","link":"https:\/\/www.atassrl.it\/es\/prodotto\/sarnif\/","title":{"rendered":"SARNIF"},"content":{"rendered":"<div class=\"page\" title=\"Page 57\">\n<div class=\"section\">\n<div class=\"layoutArea\">\n<div class=\"column\">\n<p style=\"font-weight: 400;\">Indicado para la higienizaci\u00f3n y limpieza de equipos, contenedores, c\u00e1maras frigor\u00edficas, paredes, suelos, etc., con baja espuma, tambi\u00e9n es eficaz en presencia de aguas duras. Inodoro, es compatible con superficies de metal, pl\u00e1stico, f\u00f3rmica, laminado y azulejos. Diluir 1:30-40 para diversos equipos del sector l\u00e1cteo, 1:50-80 para pisos, paredes, servicios de comedor y cocinas en general; 1:100 para c\u00e1maras frigor\u00edficas y contenedores para procesamiento de carne. Detergente utilizable en procedimientos de lavado HACCP (Decreto Legislativo 155\/97).<\/p>\n<\/div>\n<\/div>\n<\/div>\n<\/div>\n","protected":false},"excerpt":{"rendered":"<div class=\"page\" title=\"Page 57\">\n<div class=\"section\">\n<div class=\"layoutArea\">\n<div class=\"column\">\n<div><span lang=\"ES\">DETERGENTE HIGIENIZANTE<\/span><\/div>\n<\/div>\n<\/div>\n<\/div>\n<\/div>\n","protected":false},"featured_media":7885,"template":"","meta":{"_acf_changed":false,"_seopress_robots_primary_cat":"","_seopress_titles_title":"","_seopress_titles_desc":"","_seopress_robots_index":"","_seopress_analysis_target_kw":""},"product_brand":[],"product_cat":[811,273],"product_tag":[],"class_list":{"0":"post-4994","1":"product","2":"type-product","3":"status-publish","4":"has-post-thumbnail","6":"product_cat-higienizantes-es","7":"product_cat-linea-atasdet-es","9":"first","10":"instock","11":"shipping-taxable","12":"product-type-variable"},"acf":[],"_links":{"self":[{"href":"https:\/\/www.atassrl.it\/es\/wp-json\/wp\/v2\/product\/4994","targetHints":{"allow":["GET"]}}],"collection":[{"href":"https:\/\/www.atassrl.it\/es\/wp-json\/wp\/v2\/product"}],"about":[{"href":"https:\/\/www.atassrl.it\/es\/wp-json\/wp\/v2\/types\/product"}],"wp:featuredmedia":[{"embeddable":true,"href":"https:\/\/www.atassrl.it\/es\/wp-json\/wp\/v2\/media\/7885"}],"wp:attachment":[{"href":"https:\/\/www.atassrl.it\/es\/wp-json\/wp\/v2\/media?parent=4994"}],"wp:term":[{"taxonomy":"product_brand","embeddable":true,"href":"https:\/\/www.atassrl.it\/es\/wp-json\/wp\/v2\/product_brand?post=4994"},{"taxonomy":"product_cat","embeddable":true,"href":"https:\/\/www.atassrl.it\/es\/wp-json\/wp\/v2\/product_cat?post=4994"},{"taxonomy":"product_tag","embeddable":true,"href":"https:\/\/www.atassrl.it\/es\/wp-json\/wp\/v2\/product_tag?post=4994"}],"curies":[{"name":"wp","href":"https:\/\/api.w.org\/{rel}","templated":true}]}}