{"id":5018,"date":"2019-07-12T16:40:57","date_gmt":"2019-07-12T14:40:57","guid":{"rendered":"http:\/\/atas.devsrvr.net\/prodotto\/solvar-p-s\/"},"modified":"2022-10-11T09:44:49","modified_gmt":"2022-10-11T07:44:49","slug":"solvar-p-s","status":"publish","type":"product","link":"https:\/\/www.atassrl.it\/es\/prodotto\/solvar-p-s\/","title":{"rendered":"SOLVAR P.S."},"content":{"rendered":"<div class=\"page\" title=\"Page 59\">\n<div class=\"section\">\n<div class=\"layoutArea\">\n<div class=\"column\">\n<p style=\"font-weight: 400;\">Producto inodoro con alto poder solvente, indicado para limpieza y mantenimiento de equipos mec\u00e1nicos en general, disuelve aceites y grasas utilizadas en metalmec\u00e1nica. Elimina polvo, residuos de procesamiento y varios contaminantes. Tambi\u00e9n ejerce una eficaz acci\u00f3n protectora sobre las partes tratadas, protegi\u00e9ndolas de la agresi\u00f3n de los agentes qu\u00edmicos y atmosf\u00e9ricos y de los fen\u00f3menos oxidativos incluso en el caso de env\u00edo por mar. No altera las funciones el\u00e9ctricas y, por lo tanto, puede ser utilizado para proteger terminales de bater\u00edas y partes el\u00e9ctricas en general. Utilice el producto tal como est\u00e1.<\/p>\n<\/div>\n<\/div>\n<\/div>\n<\/div>\n","protected":false},"excerpt":{"rendered":"<div class=\"page\" title=\"Page 59\">\n<div class=\"section\">\n<div class=\"layoutArea\">\n<div class=\"column\">\n<div><span lang=\"ES\">DETERGENTE PROTECTOR ANTIOXIDANTE<\/span><\/div>\n<\/div>\n<\/div>\n<\/div>\n<\/div>\n","protected":false},"featured_media":3451,"template":"","meta":{"_acf_changed":false,"_seopress_robots_primary_cat":"","_seopress_titles_title":"","_seopress_titles_desc":"","_seopress_robots_index":"","_seopress_analysis_target_kw":""},"product_brand":[],"product_cat":[273,344],"product_tag":[],"class_list":{"0":"post-5018","1":"product","2":"type-product","3":"status-publish","4":"has-post-thumbnail","6":"product_cat-linea-atasdet-es","7":"product_cat-talleres-mecanicos","9":"first","10":"instock","11":"shipping-taxable","12":"product-type-variable"},"acf":[],"_links":{"self":[{"href":"https:\/\/www.atassrl.it\/es\/wp-json\/wp\/v2\/product\/5018","targetHints":{"allow":["GET"]}}],"collection":[{"href":"https:\/\/www.atassrl.it\/es\/wp-json\/wp\/v2\/product"}],"about":[{"href":"https:\/\/www.atassrl.it\/es\/wp-json\/wp\/v2\/types\/product"}],"wp:featuredmedia":[{"embeddable":true,"href":"https:\/\/www.atassrl.it\/es\/wp-json\/wp\/v2\/media\/3451"}],"wp:attachment":[{"href":"https:\/\/www.atassrl.it\/es\/wp-json\/wp\/v2\/media?parent=5018"}],"wp:term":[{"taxonomy":"product_brand","embeddable":true,"href":"https:\/\/www.atassrl.it\/es\/wp-json\/wp\/v2\/product_brand?post=5018"},{"taxonomy":"product_cat","embeddable":true,"href":"https:\/\/www.atassrl.it\/es\/wp-json\/wp\/v2\/product_cat?post=5018"},{"taxonomy":"product_tag","embeddable":true,"href":"https:\/\/www.atassrl.it\/es\/wp-json\/wp\/v2\/product_tag?post=5018"}],"curies":[{"name":"wp","href":"https:\/\/api.w.org\/{rel}","templated":true}]}}