{"id":5032,"date":"2019-07-12T16:48:40","date_gmt":"2019-07-12T14:48:40","guid":{"rendered":"http:\/\/atas.devsrvr.net\/prodotto\/autorad-2\/"},"modified":"2022-10-10T11:09:32","modified_gmt":"2022-10-10T09:09:32","slug":"autorad-2","status":"publish","type":"product","link":"https:\/\/www.atassrl.it\/es\/prodotto\/autorad-2\/","title":{"rendered":"AUTORAD"},"content":{"rendered":"<div class=\"page\" title=\"Page 60\">\n<div class=\"section\">\n<div class=\"layoutArea\">\n<div class=\"column\">\n<p style=\"font-weight: 400;\">L\u00edquido de alta calidad exclusivamente a base de monoetilenglicol con inhibidores inorg\u00e1nicos y de color azul. Tiene propiedades anticongelantes, antical, anticorrosivas, antievaporantes y no produce espuma. no ataca metales, pl\u00e1sticos y cauchos y puede ser utilizado en cualquier \u00e9poca del a\u00f1o. Producto concentrado. Diluido al 50% en volumen, garantiza protecci\u00f3n contra heladas hasta -38 \u00b0C y un punto de ebullici\u00f3n de 108 \u00b0C. Tambi\u00e9n disponible en colores verde y amarillo. Tambi\u00e9n se suministra en las versiones -10 \u00b0, hasta -20 \u00b0, -40 \u00b0.<\/p>\n<\/div>\n<\/div>\n<\/div>\n<\/div>\n","protected":false},"excerpt":{"rendered":"<div class=\"page\" title=\"Page 60\">\n<div class=\"section\">\n<div class=\"layoutArea\">\n<div class=\"column\">\n<div><span lang=\"ES\">ANTICONGELANTE PARA RADIADORES<\/span><\/div>\n<\/div>\n<\/div>\n<\/div>\n<\/div>\n","protected":false},"featured_media":3364,"template":"","meta":{"_acf_changed":false,"_seopress_robots_primary_cat":"","_seopress_titles_title":"","_seopress_titles_desc":"","_seopress_robots_index":"","_seopress_analysis_target_kw":""},"product_brand":[],"product_cat":[273,344],"product_tag":[],"class_list":{"0":"post-5032","1":"product","2":"type-product","3":"status-publish","4":"has-post-thumbnail","6":"product_cat-linea-atasdet-es","7":"product_cat-talleres-mecanicos","9":"first","10":"instock","11":"shipping-taxable","12":"product-type-variable"},"acf":[],"_links":{"self":[{"href":"https:\/\/www.atassrl.it\/es\/wp-json\/wp\/v2\/product\/5032","targetHints":{"allow":["GET"]}}],"collection":[{"href":"https:\/\/www.atassrl.it\/es\/wp-json\/wp\/v2\/product"}],"about":[{"href":"https:\/\/www.atassrl.it\/es\/wp-json\/wp\/v2\/types\/product"}],"wp:featuredmedia":[{"embeddable":true,"href":"https:\/\/www.atassrl.it\/es\/wp-json\/wp\/v2\/media\/3364"}],"wp:attachment":[{"href":"https:\/\/www.atassrl.it\/es\/wp-json\/wp\/v2\/media?parent=5032"}],"wp:term":[{"taxonomy":"product_brand","embeddable":true,"href":"https:\/\/www.atassrl.it\/es\/wp-json\/wp\/v2\/product_brand?post=5032"},{"taxonomy":"product_cat","embeddable":true,"href":"https:\/\/www.atassrl.it\/es\/wp-json\/wp\/v2\/product_cat?post=5032"},{"taxonomy":"product_tag","embeddable":true,"href":"https:\/\/www.atassrl.it\/es\/wp-json\/wp\/v2\/product_tag?post=5032"}],"curies":[{"name":"wp","href":"https:\/\/api.w.org\/{rel}","templated":true}]}}